{"id":765,"date":"2017-06-12T16:01:09","date_gmt":"2017-06-12T14:01:09","guid":{"rendered":"https:\/\/donnadieu-associes.fr\/resources\/"},"modified":"2024-01-08T11:45:23","modified_gmt":"2024-01-08T10:45:23","slug":"ressources","status":"publish","type":"page","link":"https:\/\/donnadieu-associes.fr\/en\/ressources\/","title":{"rendered":"ressources"},"content":{"rendered":"<h1>ressources<\/h1>\n<p>center<\/p>\n<p>no-repeat;center top;;<\/p>\n<p>auto<\/p>\n<h2>Des outils et \u00e9tudes techniques libres de droits<br \/>\npour les acteurs de l\u2019entraide internationale<\/h2>\n<p>center<\/p>\n<p>no-repeat;center top;;<\/p>\n<p>auto<\/p>\n<p><a style=\"text-decoration: none;\" href=\"https:\/\/donnadieu-associes.fr\/en\/ressources\/long-courrier-4-les-comptes-combines-des-organismes-du-secteur-associatif\/\"><br \/>\n<div class=\"image_frame image_item no_link scale-with-grid element_classes no_border mfn-img-box\" ><div class=\"image_wrapper\"><img decoding=\"async\" class=\"scale-with-grid\" src=\"\/wp-content\/uploads\/2017\/07\/picto-liens_new.png\" fetchpriority=\"high\" alt=\"ressources\" title=\"\" width=\"35px\" height=\"35px\" style=\"\"\/><\/div><\/div>\n\n<hr class=\"no_line\" style=\"margin: 0 auto 5px auto\"\/>\n\n<div class=\"image_frame image_item no_link scale-with-grid element_classes alignleft no_border mfn-img-box\" ><div class=\"image_wrapper\"><img decoding=\"async\" class=\"scale-with-grid\" src=\"\/wp-content\/uploads\/2017\/05\/filet.png\" fetchpriority=\"high\" alt=\"ressources\" title=\"\" width=\"\" height=\"\" style=\"\"\/><\/div><\/div>\n\n<hr class=\"no_line\" style=\"margin: 0 auto 1px auto\"\/>\n<\/a><\/p>\n<h3>NEWS #4<\/h3>\n<hr class=\"no_line\" style=\"margin: 0 auto 20px auto\"\/>\n\n<h6 style=\"color: #877e70;\">Long-Courrier #4 : Les comptes combine\u0301s des organismes du secteur associatif<\/h6>\n<p>left<\/p>\n<p>#f3f3f1<\/p>\n<p>no-repeat;center top;;<\/p>\n<p>auto<\/p>\n<p>0px<\/p>\n<p>30px 25% 15px 30px<\/p>\n<p>zoomIn<\/p>\n<p><a style=\"text-decoration: none;\" href=\"https:\/\/donnadieu-associes.fr\/en\/?page_id=1554\"><br \/>\n<div class=\"image_frame image_item no_link scale-with-grid element_classes no_border mfn-img-box\" ><div class=\"image_wrapper\"><img decoding=\"async\" class=\"scale-with-grid\" src=\"\/wp-content\/uploads\/2017\/07\/picto-logiciels_new.png\" fetchpriority=\"high\" alt=\"ressources\" title=\"\" width=\"35px\" height=\"35px\" style=\"\"\/><\/div><\/div>\n\n<hr class=\"no_line\" style=\"margin: 0 auto 5px auto\"\/>\n\n<div class=\"image_frame image_item no_link scale-with-grid element_classes alignleft no_border mfn-img-box\" ><div class=\"image_wrapper\"><img decoding=\"async\" class=\"scale-with-grid\" src=\"\/wp-content\/uploads\/2017\/05\/filet.png\" fetchpriority=\"high\" alt=\"ressources\" title=\"\" width=\"\" height=\"\" style=\"\"\/><\/div><\/div>\n\n<hr class=\"no_line\" style=\"margin: 0 auto 1px auto\"\/>\n<\/a><\/p>\n<h3>LOGICIEL<\/h3>\n<hr class=\"no_line\" style=\"margin: 0 auto 20px auto\"\/>\n\n<h6 style=\"color: #877e70;\">ACIST (Autodiagnostic de contr\u00f4le interne d&#8217;une organisation de solidarit\u00e9 internationale)<\/h6>\n<p>left<\/p>\n<p>#f3f3f1<\/p>\n<p>no-repeat;center top;;<\/p>\n<p>auto<\/p>\n<p>0px<\/p>\n<p>30px 25% 15px 30px<\/p>\n<p>zoomIn<\/p>\n<p><a style=\"text-decoration: none;\" href=\"https:\/\/donnadieu-associes.fr\/en\/ressources\/conference-satisfaire-aux-exigences-dun-audit-financier-externe-sollicite-par-un-bailleur-de-fonds\/\"><br \/>\n<div class=\"image_frame image_item no_link scale-with-grid element_classes no_border mfn-img-box\" ><div class=\"image_wrapper\"><img decoding=\"async\" class=\"scale-with-grid\" src=\"\/wp-content\/uploads\/2017\/07\/picto-video_new.png\" fetchpriority=\"high\" alt=\"ressources\" title=\"\" width=\"35px\" height=\"35px\" style=\"\"\/><\/div><\/div>\n\n<hr class=\"no_line\" style=\"margin: 0 auto 5px auto\"\/>\n\n<div class=\"image_frame image_item no_link scale-with-grid element_classes alignleft no_border mfn-img-box\" ><div class=\"image_wrapper\"><img decoding=\"async\" class=\"scale-with-grid\" src=\"\/wp-content\/uploads\/2017\/05\/filet.png\" fetchpriority=\"high\" alt=\"ressources\" title=\"\" width=\"\" height=\"\" style=\"\"\/><\/div><\/div>\n\n<hr class=\"no_line\" style=\"margin: 0 auto 1px auto\"\/>\n<\/a><\/p>\n<h3>VIDEO<\/h3>\n<hr class=\"no_line\" style=\"margin: 0 auto 20px auto\"\/>\n\n<h6 style=\"color: #877e70;\">Conf\u00e9rence (satisfaire aux exigences d&#8217;un audit financier externe sollicit\u00e9 par un bailleur de fonds)<\/h6>\n<p>left<\/p>\n<p>#f3f3f1<\/p>\n<p>no-repeat;center top;;<\/p>\n<p>auto<\/p>\n<p>0px<\/p>\n<p>30px 25% 15px 30px<\/p>\n<p>zoomIn<\/p>\n<p><a style=\"text-decoration: none;\" href=\"https:\/\/donnadieu-associes.fr\/en\/ressources\/guide-daudit-externe-du-risque-credit-microfinance-des-pays-en-voie-de-developpement\/\"><br \/>\n<div class=\"image_frame image_item no_link scale-with-grid element_classes no_border mfn-img-box\" ><div class=\"image_wrapper\"><img decoding=\"async\" class=\"scale-with-grid\" src=\"\/wp-content\/uploads\/2017\/07\/picto-document_new.png\" fetchpriority=\"high\" alt=\"ressources\" title=\"\" width=\"35px\" height=\"35px\" style=\"\"\/><\/div><\/div>\n\n<hr class=\"no_line\" style=\"margin: 0 auto 5px auto\"\/>\n\n<div class=\"image_frame image_item no_link scale-with-grid element_classes alignleft no_border mfn-img-box\" ><div class=\"image_wrapper\"><img decoding=\"async\" class=\"scale-with-grid\" src=\"\/wp-content\/uploads\/2017\/05\/filet.png\" fetchpriority=\"high\" alt=\"ressources\" title=\"\" width=\"\" height=\"\" style=\"\"\/><\/div><\/div>\n\n<hr class=\"no_line\" style=\"margin: 0 auto 1px auto\"\/>\n<\/a><\/p>\n<h3>DOCUMENT<\/h3>\n<hr class=\"no_line\" style=\"margin: 0 auto 20px auto\"\/>\n\n<h6 style=\"color: #877e70;\">Guide d&#8217;audit externe du risque cr\u00e9dit (microfinance des pays en voie de d\u00e9veloppement)<\/h6>\n<p>left<\/p>\n<p>#f3f3f1<\/p>\n<p>no-repeat;center top;;<\/p>\n<p>auto<\/p>\n<p>0px<\/p>\n<p>30px 25% 15px 30px<\/p>\n<p>zoomIn<\/p>\n<p><a style=\"text-decoration: none;\" href=\"https:\/\/donnadieu-associes.fr\/en\/ressources\/check-list-de-suivi-de-la-mise-en-application-des-termes-de-reference-des-contrats-europaid-prag-2016\/\"><br \/>\n<div class=\"image_frame image_item no_link scale-with-grid element_classes no_border mfn-img-box\" ><div class=\"image_wrapper\"><img decoding=\"async\" class=\"scale-with-grid\" src=\"\/wp-content\/uploads\/2017\/07\/picto-document_new.png\" fetchpriority=\"high\" alt=\"ressources\" title=\"\" width=\"35px\" height=\"35px\" style=\"\"\/><\/div><\/div>\n\n<hr class=\"no_line\" style=\"margin: 0 auto 5px auto\"\/>\n\n<div class=\"image_frame image_item no_link scale-with-grid element_classes alignleft no_border mfn-img-box\" ><div class=\"image_wrapper\"><img decoding=\"async\" class=\"scale-with-grid\" src=\"\/wp-content\/uploads\/2017\/05\/filet.png\" fetchpriority=\"high\" alt=\"ressources\" title=\"\" width=\"\" height=\"\" style=\"\"\/><\/div><\/div>\n\n<hr class=\"no_line\" style=\"margin: 0 auto 1px auto\"\/>\n<\/a><\/p>\n<h3>DOCUMENT<\/h3>\n<hr class=\"no_line\" style=\"margin: 0 auto 20px auto\"\/>\n\n<h6 style=\"color: #877e70;\">Check-list de suivi de la mise en application des termes de r\u00e9f\u00e9rence des contrats EUROPAID (PRAG 2016)<\/h6>\n<p>left<\/p>\n<p>#f3f3f1<\/p>\n<p>no-repeat;center top;;<\/p>\n<p>auto<\/p>\n<p>0px<\/p>\n<p>30px 25% 15px 30px<\/p>\n<p>zoomIn<\/p>\n<p><a style=\"text-decoration: none;\" href=\"https:\/\/donnadieu-associes.fr\/en\/ressources\/check-list-de-suivi-de-la-mise-en-application-des-termes-de-reference-des-contrats-europaid-prag-2014\/\"><br \/>\n<div class=\"image_frame image_item no_link scale-with-grid element_classes no_border mfn-img-box\" ><div class=\"image_wrapper\"><img decoding=\"async\" class=\"scale-with-grid\" src=\"\/wp-content\/uploads\/2017\/07\/picto-document_new.png\" fetchpriority=\"high\" alt=\"ressources\" title=\"\" width=\"35px\" height=\"35px\" style=\"\"\/><\/div><\/div>\n\n<hr class=\"no_line\" style=\"margin: 0 auto 5px auto\"\/>\n\n<div class=\"image_frame image_item no_link scale-with-grid element_classes alignleft no_border mfn-img-box\" ><div class=\"image_wrapper\"><img decoding=\"async\" class=\"scale-with-grid\" src=\"\/wp-content\/uploads\/2017\/05\/filet.png\" fetchpriority=\"high\" alt=\"ressources\" title=\"\" width=\"\" height=\"\" style=\"\"\/><\/div><\/div>\n\n<hr class=\"no_line\" style=\"margin: 0 auto 1px auto\"\/>\n<\/a><\/p>\n<h3>DOCUMENT<\/h3>\n<hr class=\"no_line\" style=\"margin: 0 auto 20px auto\"\/>\n\n<h6 style=\"color: #877e70;\">Check-list de suivi de la mise en application des termes de r\u00e9f\u00e9rence des contrats EUROPAID (PRAG 2014)<\/h6>\n<p>left<\/p>\n<p>#f3f3f1<\/p>\n<p>no-repeat;center top;;<\/p>\n<p>auto<\/p>\n<p>0px<\/p>\n<p>30px 25% 15px 30px<\/p>\n<p>zoomIn<\/p>\n<p><a style=\"text-decoration: none;\" href=\"https:\/\/donnadieu-associes.fr\/en\/ressources\/long-courrier-3-le-compte-demploi-des-ressources-des-organismes-faisant-appel-public-a-la-generosite\/\"><br \/>\n<div class=\"image_frame image_item no_link scale-with-grid element_classes no_border mfn-img-box\" ><div class=\"image_wrapper\"><img decoding=\"async\" class=\"scale-with-grid\" src=\"\/wp-content\/uploads\/2017\/07\/picto-liens_new.png\" fetchpriority=\"high\" alt=\"ressources\" title=\"\" width=\"35px\" height=\"35px\" style=\"\"\/><\/div><\/div>\n\n<hr class=\"no_line\" style=\"margin: 0 auto 5px auto\"\/>\n\n<div class=\"image_frame image_item no_link scale-with-grid element_classes alignleft no_border mfn-img-box\" ><div class=\"image_wrapper\"><img decoding=\"async\" class=\"scale-with-grid\" src=\"\/wp-content\/uploads\/2017\/05\/filet.png\" fetchpriority=\"high\" alt=\"ressources\" title=\"\" width=\"\" height=\"\" style=\"\"\/><\/div><\/div>\n\n<hr class=\"no_line\" style=\"margin: 0 auto 1px auto\"\/>\n<\/a><\/p>\n<h3>NEWS #3<\/h3>\n<hr class=\"no_line\" style=\"margin: 0 auto 20px auto\"\/>\n\n<h6 style=\"color: #877e70;\">Long-Courrier #3 : Le compte d\u2019emploi des ressources des organismes faisant appel public a\u0300 la g\u00e9n\u00e9rosit\u00e9<\/h6>\n<p>left<\/p>\n<p>#f3f3f1<\/p>\n<p>no-repeat;center top;;<\/p>\n<p>auto<\/p>\n<p>0px<\/p>\n<p>30px 25% 15px 30px<\/p>\n<p>zoomIn<\/p>\n<p><a style=\"text-decoration: none;\" href=\"https:\/\/donnadieu-associes.fr\/en\/ressources\/long-courrier-2-ong-francaises-et-audits-bailleurs-publics\/\"><br \/>\n<div class=\"image_frame image_item no_link scale-with-grid element_classes no_border mfn-img-box\" ><div class=\"image_wrapper\"><img decoding=\"async\" class=\"scale-with-grid\" src=\"\/wp-content\/uploads\/2017\/07\/picto-liens_new.png\" fetchpriority=\"high\" alt=\"ressources\" title=\"\" width=\"35px\" height=\"35px\" style=\"\"\/><\/div><\/div>\n\n<hr class=\"no_line\" style=\"margin: 0 auto 5px auto\"\/>\n\n<div class=\"image_frame image_item no_link scale-with-grid element_classes alignleft no_border mfn-img-box\" ><div class=\"image_wrapper\"><img decoding=\"async\" class=\"scale-with-grid\" src=\"\/wp-content\/uploads\/2017\/05\/filet.png\" fetchpriority=\"high\" alt=\"ressources\" title=\"\" width=\"\" height=\"\" style=\"\"\/><\/div><\/div>\n\n<hr class=\"no_line\" style=\"margin: 0 auto 1px auto\"\/>\n<\/a><\/p>\n<h3>NEWS #2<\/h3>\n<hr class=\"no_line\" style=\"margin: 0 auto 20px auto\"\/>\n\n<h6 style=\"color: #877e70;\">Long-Courrier #2 : ONG fran\u00e7aises et audits bailleurs publics<\/h6>\n<p>left<\/p>\n<p>#f3f3f1<\/p>\n<p>no-repeat;center top;;<\/p>\n<p>auto<\/p>\n<p>0px<\/p>\n<p>30px 25% 15px 30px<\/p>\n<p>zoomIn<\/p>\n<p><a style=\"text-decoration: none;\" href=\"https:\/\/donnadieu-associes.fr\/en\/ressources\/long-courrier-1-enjeux-environnementaux-et-bailleurs-publics-de-lhumanitaire\/\"><br \/>\n<div class=\"image_frame image_item no_link scale-with-grid element_classes no_border mfn-img-box\" ><div class=\"image_wrapper\"><img decoding=\"async\" class=\"scale-with-grid\" src=\"\/wp-content\/uploads\/2017\/07\/picto-liens_new.png\" fetchpriority=\"high\" alt=\"ressources\" title=\"\" width=\"35px\" height=\"35px\" style=\"\"\/><\/div><\/div>\n\n<hr class=\"no_line\" style=\"margin: 0 auto 5px auto\"\/>\n\n<div class=\"image_frame image_item no_link scale-with-grid element_classes alignleft no_border mfn-img-box\" ><div class=\"image_wrapper\"><img decoding=\"async\" class=\"scale-with-grid\" src=\"\/wp-content\/uploads\/2017\/05\/filet.png\" fetchpriority=\"high\" alt=\"ressources\" title=\"\" width=\"\" height=\"\" style=\"\"\/><\/div><\/div>\n\n<hr class=\"no_line\" style=\"margin: 0 auto 1px auto\"\/>\n<\/a><\/p>\n<h3>NEWS #1<\/h3>\n<hr class=\"no_line\" style=\"margin: 0 auto 20px auto\"\/>\n\n<h6 style=\"color: #877e70;\">Long-Courrier #1 : Enjeux environnementaux et bailleurs publics de l\u2019humanitaire<\/h6>\n<p>left<\/p>\n<p>#f3f3f1<\/p>\n<p>no-repeat;center top;;<\/p>\n<p>auto<\/p>\n<p>0px<\/p>\n<p>30px 25% 15px 30px<\/p>\n<p>zoomIn<\/p>\n<p><a style=\"text-decoration: none;\" href=\"https:\/\/donnadieu-associes.fr\/en\/ressources\/fiche-pratique-securiser-la-gestion-financiere-et-comptable-dun-micro-projet\/\"><br \/>\n<div class=\"image_frame image_item no_link scale-with-grid element_classes no_border mfn-img-box\" ><div class=\"image_wrapper\"><img decoding=\"async\" class=\"scale-with-grid\" src=\"\/wp-content\/uploads\/2017\/07\/picto-document_new.png\" fetchpriority=\"high\" alt=\"ressources\" title=\"\" width=\"35px\" height=\"35px\" style=\"\"\/><\/div><\/div>\n\n<hr class=\"no_line\" style=\"margin: 0 auto 5px auto\"\/>\n\n<div class=\"image_frame image_item no_link scale-with-grid element_classes alignleft no_border mfn-img-box\" ><div class=\"image_wrapper\"><img decoding=\"async\" class=\"scale-with-grid\" src=\"\/wp-content\/uploads\/2017\/05\/filet.png\" fetchpriority=\"high\" alt=\"ressources\" title=\"\" width=\"\" height=\"\" style=\"\"\/><\/div><\/div>\n\n<hr class=\"no_line\" style=\"margin: 0 auto 1px auto\"\/>\n<\/a><\/p>\n<h3>DOCUMENT<\/h3>\n<hr class=\"no_line\" style=\"margin: 0 auto 20px auto\"\/>\n\n<h6 style=\"color: #877e70;\">Fiche pratique : s\u00e9curiser la gestion financi\u00e8re et comptable d&#8217;un micro-projet<\/h6>\n<p>left<\/p>\n<p>#f3f3f1<\/p>\n<p>no-repeat;center top;;<\/p>\n<p>auto<\/p>\n<p>0px<\/p>\n<p>30px 25% 15px 30px<\/p>\n<p>zoomIn<\/p>\n","protected":false},"excerpt":{"rendered":"<p>ressources center no-repeat;center top;; auto Des outils et \u00e9tudes techniques libres de droits pour les acteurs de l\u2019entraide internationale center no-repeat;center top;; auto NEWS #4 Long-Courrier #4 : Les comptes combine\u0301s des organismes du secteur associatif left #f3f3f1 no-repeat;center top;; auto 0px 30px 25% 15px 30px zoomIn LOGICIEL ACIST (Autodiagnostic de contr\u00f4le interne d&#8217;une organisation de solidarit\u00e9 internationale) left #f3f3f1 no-repeat;center top;; auto 0px 30px 25% 15px 30px zoomIn VIDEO Conf\u00e9rence (satisfaire aux exigences d&#8217;un audit financier externe sollicit\u00e9 par un bailleur de fonds) left #f3f3f1 no-repeat;center top;; auto 0px 30px 25% 15px 30px zoomIn DOCUMENT Guide d&#8217;audit externe du risque cr\u00e9dit (microfinance des pays en voie de d\u00e9veloppement) left #f3f3f1 no-repeat;center top;; auto 0px 30px 25% 15px 30px zoomIn DOCUMENT Check-list de suivi de la mise en application des termes de r\u00e9f\u00e9rence des contrats EUROPAID (PRAG 2016) left #f3f3f1 no-repeat;center top;; auto 0px 30px 25% 15px 30px zoomIn DOCUMENT<span class=\"excerpt-hellip\"> [\u2026]<\/span><\/p>\n","protected":false},"author":1,"featured_media":0,"parent":0,"menu_order":0,"comment_status":"closed","ping_status":"closed","template":"","meta":{"footnotes":""},"class_list":["post-765","page","type-page","status-publish","hentry"],"yoast_head":"<!-- This site is optimized with the Yoast SEO plugin v27.5 - https:\/\/yoast.com\/product\/yoast-seo-wordpress\/ -->\n<title>ressources - Donnadieu &amp; Associ\u00e9s<\/title>\n<meta name=\"robots\" content=\"index, follow, max-snippet:-1, max-image-preview:large, max-video-preview:-1\" \/>\n<link rel=\"canonical\" href=\"https:\/\/donnadieu-associes.fr\/en\/ressources\/\" \/>\n<meta property=\"og:locale\" content=\"en_US\" \/>\n<meta property=\"og:type\" content=\"article\" \/>\n<meta property=\"og:title\" content=\"ressources - Donnadieu &amp; Associ\u00e9s\" \/>\n<meta property=\"og:description\" content=\"ressources center no-repeat;center top;; auto Des outils et \u00e9tudes techniques libres de droits pour les acteurs de l\u2019entraide internationale center no-repeat;center top;; auto NEWS #4 Long-Courrier #4 : Les comptes combine\u0301s des organismes du secteur associatif left #f3f3f1 no-repeat;center top;; auto 0px 30px 25% 15px 30px zoomIn LOGICIEL ACIST (Autodiagnostic de contr\u00f4le interne d&#8217;une organisation de solidarit\u00e9 internationale) left #f3f3f1 no-repeat;center top;; auto 0px 30px 25% 15px 30px zoomIn VIDEO Conf\u00e9rence (satisfaire aux exigences d&#8217;un audit financier externe sollicit\u00e9 par un bailleur de fonds) left #f3f3f1 no-repeat;center top;; auto 0px 30px 25% 15px 30px zoomIn DOCUMENT Guide d&#8217;audit externe du risque cr\u00e9dit (microfinance des pays en voie de d\u00e9veloppement) left #f3f3f1 no-repeat;center top;; auto 0px 30px 25% 15px 30px zoomIn DOCUMENT Check-list de suivi de la mise en application des termes de r\u00e9f\u00e9rence des contrats EUROPAID (PRAG 2016) left #f3f3f1 no-repeat;center top;; auto 0px 30px 25% 15px 30px zoomIn DOCUMENT [\u2026]\" \/>\n<meta property=\"og:url\" content=\"https:\/\/donnadieu-associes.fr\/en\/ressources\/\" \/>\n<meta property=\"og:site_name\" content=\"Donnadieu &amp; Associ\u00e9s\" \/>\n<meta property=\"article:modified_time\" content=\"2024-01-08T10:45:23+00:00\" \/>\n<meta name=\"twitter:card\" content=\"summary_large_image\" \/>\n<meta name=\"twitter:label1\" content=\"Est. reading time\" \/>\n\t<meta name=\"twitter:data1\" content=\"3 minutes\" \/>\n<script type=\"application\/ld+json\" class=\"yoast-schema-graph\">{\"@context\":\"https:\\\/\\\/schema.org\",\"@graph\":[{\"@type\":\"WebPage\",\"@id\":\"https:\\\/\\\/donnadieu-associes.fr\\\/en\\\/ressources\\\/\",\"url\":\"https:\\\/\\\/donnadieu-associes.fr\\\/en\\\/ressources\\\/\",\"name\":\"ressources - Donnadieu &amp; Associ\u00e9s\",\"isPartOf\":{\"@id\":\"https:\\\/\\\/donnadieu-associes.fr\\\/en\\\/#website\"},\"datePublished\":\"2017-06-12T14:01:09+00:00\",\"dateModified\":\"2024-01-08T10:45:23+00:00\",\"breadcrumb\":{\"@id\":\"https:\\\/\\\/donnadieu-associes.fr\\\/en\\\/ressources\\\/#breadcrumb\"},\"inLanguage\":\"en-US\",\"potentialAction\":[{\"@type\":\"ReadAction\",\"target\":[\"https:\\\/\\\/donnadieu-associes.fr\\\/en\\\/ressources\\\/\"]}]},{\"@type\":\"BreadcrumbList\",\"@id\":\"https:\\\/\\\/donnadieu-associes.fr\\\/en\\\/ressources\\\/#breadcrumb\",\"itemListElement\":[{\"@type\":\"ListItem\",\"position\":1,\"name\":\"Accueil\",\"item\":\"https:\\\/\\\/donnadieu-associes.fr\\\/en\\\/\"},{\"@type\":\"ListItem\",\"position\":2,\"name\":\"ressources\"}]},{\"@type\":\"WebSite\",\"@id\":\"https:\\\/\\\/donnadieu-associes.fr\\\/en\\\/#website\",\"url\":\"https:\\\/\\\/donnadieu-associes.fr\\\/en\\\/\",\"name\":\"Donnadieu &amp; Associ\u00e9s\",\"description\":\"L\u2019expertise financi\u00e8re (au service) de la solidarit\u00e9 internationale\",\"potentialAction\":[{\"@type\":\"SearchAction\",\"target\":{\"@type\":\"EntryPoint\",\"urlTemplate\":\"https:\\\/\\\/donnadieu-associes.fr\\\/en\\\/?s={search_term_string}\"},\"query-input\":{\"@type\":\"PropertyValueSpecification\",\"valueRequired\":true,\"valueName\":\"search_term_string\"}}],\"inLanguage\":\"en-US\"}]}<\/script>\n<!-- \/ Yoast SEO plugin. -->","yoast_head_json":{"title":"ressources - Donnadieu &amp; Associ\u00e9s","robots":{"index":"index","follow":"follow","max-snippet":"max-snippet:-1","max-image-preview":"max-image-preview:large","max-video-preview":"max-video-preview:-1"},"canonical":"https:\/\/donnadieu-associes.fr\/en\/ressources\/","og_locale":"en_US","og_type":"article","og_title":"ressources - Donnadieu &amp; Associ\u00e9s","og_description":"ressources center no-repeat;center top;; auto Des outils et \u00e9tudes techniques libres de droits pour les acteurs de l\u2019entraide internationale center no-repeat;center top;; auto NEWS #4 Long-Courrier #4 : Les comptes combine\u0301s des organismes du secteur associatif left #f3f3f1 no-repeat;center top;; auto 0px 30px 25% 15px 30px zoomIn LOGICIEL ACIST (Autodiagnostic de contr\u00f4le interne d&#8217;une organisation de solidarit\u00e9 internationale) left #f3f3f1 no-repeat;center top;; auto 0px 30px 25% 15px 30px zoomIn VIDEO Conf\u00e9rence (satisfaire aux exigences d&#8217;un audit financier externe sollicit\u00e9 par un bailleur de fonds) left #f3f3f1 no-repeat;center top;; auto 0px 30px 25% 15px 30px zoomIn DOCUMENT Guide d&#8217;audit externe du risque cr\u00e9dit (microfinance des pays en voie de d\u00e9veloppement) left #f3f3f1 no-repeat;center top;; auto 0px 30px 25% 15px 30px zoomIn DOCUMENT Check-list de suivi de la mise en application des termes de r\u00e9f\u00e9rence des contrats EUROPAID (PRAG 2016) left #f3f3f1 no-repeat;center top;; auto 0px 30px 25% 15px 30px zoomIn DOCUMENT [\u2026]","og_url":"https:\/\/donnadieu-associes.fr\/en\/ressources\/","og_site_name":"Donnadieu &amp; Associ\u00e9s","article_modified_time":"2024-01-08T10:45:23+00:00","twitter_card":"summary_large_image","twitter_misc":{"Est. reading time":"3 minutes"},"schema":{"@context":"https:\/\/schema.org","@graph":[{"@type":"WebPage","@id":"https:\/\/donnadieu-associes.fr\/en\/ressources\/","url":"https:\/\/donnadieu-associes.fr\/en\/ressources\/","name":"ressources - Donnadieu &amp; Associ\u00e9s","isPartOf":{"@id":"https:\/\/donnadieu-associes.fr\/en\/#website"},"datePublished":"2017-06-12T14:01:09+00:00","dateModified":"2024-01-08T10:45:23+00:00","breadcrumb":{"@id":"https:\/\/donnadieu-associes.fr\/en\/ressources\/#breadcrumb"},"inLanguage":"en-US","potentialAction":[{"@type":"ReadAction","target":["https:\/\/donnadieu-associes.fr\/en\/ressources\/"]}]},{"@type":"BreadcrumbList","@id":"https:\/\/donnadieu-associes.fr\/en\/ressources\/#breadcrumb","itemListElement":[{"@type":"ListItem","position":1,"name":"Accueil","item":"https:\/\/donnadieu-associes.fr\/en\/"},{"@type":"ListItem","position":2,"name":"ressources"}]},{"@type":"WebSite","@id":"https:\/\/donnadieu-associes.fr\/en\/#website","url":"https:\/\/donnadieu-associes.fr\/en\/","name":"Donnadieu &amp; Associ\u00e9s","description":"L\u2019expertise financi\u00e8re (au service) de la solidarit\u00e9 internationale","potentialAction":[{"@type":"SearchAction","target":{"@type":"EntryPoint","urlTemplate":"https:\/\/donnadieu-associes.fr\/en\/?s={search_term_string}"},"query-input":{"@type":"PropertyValueSpecification","valueRequired":true,"valueName":"search_term_string"}}],"inLanguage":"en-US"}]}},"_links":{"self":[{"href":"https:\/\/donnadieu-associes.fr\/en\/wp-json\/wp\/v2\/pages\/765","targetHints":{"allow":["GET"]}}],"collection":[{"href":"https:\/\/donnadieu-associes.fr\/en\/wp-json\/wp\/v2\/pages"}],"about":[{"href":"https:\/\/donnadieu-associes.fr\/en\/wp-json\/wp\/v2\/types\/page"}],"author":[{"embeddable":true,"href":"https:\/\/donnadieu-associes.fr\/en\/wp-json\/wp\/v2\/users\/1"}],"replies":[{"embeddable":true,"href":"https:\/\/donnadieu-associes.fr\/en\/wp-json\/wp\/v2\/comments?post=765"}],"version-history":[{"count":5,"href":"https:\/\/donnadieu-associes.fr\/en\/wp-json\/wp\/v2\/pages\/765\/revisions"}],"predecessor-version":[{"id":2734,"href":"https:\/\/donnadieu-associes.fr\/en\/wp-json\/wp\/v2\/pages\/765\/revisions\/2734"}],"wp:attachment":[{"href":"https:\/\/donnadieu-associes.fr\/en\/wp-json\/wp\/v2\/media?parent=765"}],"curies":[{"name":"wp","href":"https:\/\/api.w.org\/{rel}","templated":true}]}}