{"id":759,"date":"2017-06-08T11:25:37","date_gmt":"2017-06-08T09:25:37","guid":{"rendered":"https:\/\/donnadieu-associes.fr\/about\/values-sponsorship\/"},"modified":"2023-05-11T14:51:42","modified_gmt":"2023-05-11T12:51:42","slug":"values-sponsorship","status":"publish","type":"page","link":"https:\/\/donnadieu-associes.fr\/en\/values-sponsorship\/","title":{"rendered":"values &#038; sponsorship"},"content":{"rendered":"<h1>values &#038; sponsorship<\/h1>\n<p>center<\/p>\n<p>no-repeat;center top;;<\/p>\n<p>auto<\/p>\n<h2>Conviction and commitment to solidarity,<br \/> reflected in the sharing of knowledge and skills  <\/h2>\n<p>center<\/p>\n<p>no-repeat;center top;;<\/p>\n<p>auto<\/p>\n<p>NGOs, foundations and funding bodies put their trust in Donnadieu &#038; Associ\u00e9s for its expertise, and particularly appreciate its commitment to shared values. The firm carries out <b>volunteer missions, drafts rights-free studies and tools,<\/b> in order to share the technical skills needed to make the international solidarity sector both secure and sustainable.<\/p>\n<p>left<\/p>\n<p>no-repeat;center top;;<\/p>\n<p>auto<\/p>\n<p>55px 0px 0px 0px<\/p>\n<div style=\"padding-left: 5px;\">\n<h4>Endowment fund <\/h4>\n<hr class=\"\" style=\"margin:0 auto 0px;\"\/>\n<\/div>\n<div class=\"column one-second mobile-one\"><div class=\"mcb-column-inner\">\n<div style=\"padding-top:10px; padding-left: -15px;\">\n<b>Our Donnadieu &#038; Associ\u00e9s M\u00e9c\u00e9nat endowment fund<\/b> aims to support international solidarity actions through: <\/p>\n<ul class=\"fred_bullet\">\n<li><b>skills sponsorship,<\/b> providing speakers on audit, expertise and consulting missions at no cost;<\/li>\n<\/ul>\n<\/div>\n<\/div><\/div>\n\n<div class=\"column one-second mobile-one\"><div class=\"mcb-column-inner\">\n<div style=\"padding-top:10px;\"\">\n<ul class=\"fred_bullet\">\n<li><b>intellectual contributions<\/b>, drafting technical studies and tools that are freely available to all solidarity partners;<\/li>\n<li><b>collection and allocation of financing<\/b> for solidarity actions, selected according to ethical and technical criteria.<\/li>\n<\/ul>\n<\/div>\n<\/div><\/div>\n\n<p>no-repeat;center top;;<\/p>\n<p>auto<\/p>\n<p>no-repeat;center top;;<\/p>\n<p>auto<\/p>\n<div class=\"google_font\" style=\"font-family:'Muli',Arial,Tahoma,sans-serif;font-size:18px;line-height:18px;font-weight:400;letter-spacing:0px;color:#BAB7B1;\">Humanitarian audit of NGO<\/div>\n\n<p>no-repeat;center top;;<\/p>\n<p>auto<\/p>\n","protected":false},"excerpt":{"rendered":"<p>values &#038; sponsorship center no-repeat;center top;; auto Conviction and commitment to solidarity, reflected in the sharing of knowledge and skills center no-repeat;center top;; auto NGOs, foundations and funding bodies put their trust in Donnadieu &#038; Associ\u00e9s for its expertise, and particularly appreciate its commitment to shared values. The firm carries out volunteer missions, drafts rights-free studies and tools, in order to share the technical skills needed to make the international solidarity sector both secure and sustainable. left no-repeat;center top;; auto 55px 0px 0px 0px Endowment fund no-repeat;center top;; auto no-repeat;center top;; auto no-repeat;center top;; auto<\/p>\n","protected":false},"author":1,"featured_media":0,"parent":0,"menu_order":0,"comment_status":"closed","ping_status":"closed","template":"","meta":{"rs_blank_template":"","rs_page_bg_color":"","slide_template_v7":"","footnotes":""},"class_list":["post-759","page","type-page","status-publish","hentry"],"yoast_head":"<!-- This site is optimized with the Yoast SEO plugin v27.3 - https:\/\/yoast.com\/product\/yoast-seo-wordpress\/ -->\n<title>Values &amp; Sponsorship - Humanitarian audit of NGOs<\/title>\n<meta name=\"description\" content=\"Our Donnadieu &amp; Associ\u00e9s M\u00e9c\u00e9nat endowment fund aims to support international solidarity actions, through the free provision of speakers on humanitarian audit of NGOs, expertise and advice.\" \/>\n<meta name=\"robots\" content=\"index, follow, max-snippet:-1, max-image-preview:large, max-video-preview:-1\" \/>\n<link rel=\"canonical\" href=\"https:\/\/donnadieu-associes.fr\/en\/values-sponsorship\/\" \/>\n<meta property=\"og:locale\" content=\"en_US\" \/>\n<meta property=\"og:type\" content=\"article\" \/>\n<meta property=\"og:title\" content=\"Values &amp; Sponsorship - Humanitarian audit of NGOs\" \/>\n<meta property=\"og:description\" content=\"Our Donnadieu &amp; Associ\u00e9s M\u00e9c\u00e9nat endowment fund aims to support international solidarity actions, through the free provision of speakers on humanitarian audit of NGOs, expertise and advice.\" \/>\n<meta property=\"og:url\" content=\"https:\/\/donnadieu-associes.fr\/en\/values-sponsorship\/\" \/>\n<meta property=\"og:site_name\" content=\"Donnadieu &amp; Associ\u00e9s\" \/>\n<meta property=\"article:modified_time\" content=\"2023-05-11T12:51:42+00:00\" \/>\n<meta name=\"twitter:card\" content=\"summary_large_image\" \/>\n<meta name=\"twitter:label1\" content=\"Est. reading time\" \/>\n\t<meta name=\"twitter:data1\" content=\"1 minute\" \/>\n<script type=\"application\/ld+json\" class=\"yoast-schema-graph\">{\"@context\":\"https:\\\/\\\/schema.org\",\"@graph\":[{\"@type\":\"WebPage\",\"@id\":\"https:\\\/\\\/donnadieu-associes.fr\\\/en\\\/values-sponsorship\\\/\",\"url\":\"https:\\\/\\\/donnadieu-associes.fr\\\/en\\\/values-sponsorship\\\/\",\"name\":\"Values & Sponsorship - Humanitarian audit of NGOs\",\"isPartOf\":{\"@id\":\"https:\\\/\\\/donnadieu-associes.fr\\\/en\\\/#website\"},\"datePublished\":\"2017-06-08T09:25:37+00:00\",\"dateModified\":\"2023-05-11T12:51:42+00:00\",\"description\":\"Our Donnadieu & Associ\u00e9s M\u00e9c\u00e9nat endowment fund aims to support international solidarity actions, through the free provision of speakers on humanitarian audit of NGOs, expertise and advice.\",\"breadcrumb\":{\"@id\":\"https:\\\/\\\/donnadieu-associes.fr\\\/en\\\/values-sponsorship\\\/#breadcrumb\"},\"inLanguage\":\"en-US\",\"potentialAction\":[{\"@type\":\"ReadAction\",\"target\":[\"https:\\\/\\\/donnadieu-associes.fr\\\/en\\\/values-sponsorship\\\/\"]}]},{\"@type\":\"BreadcrumbList\",\"@id\":\"https:\\\/\\\/donnadieu-associes.fr\\\/en\\\/values-sponsorship\\\/#breadcrumb\",\"itemListElement\":[{\"@type\":\"ListItem\",\"position\":1,\"name\":\"Accueil\",\"item\":\"https:\\\/\\\/donnadieu-associes.fr\\\/en\\\/\"},{\"@type\":\"ListItem\",\"position\":2,\"name\":\"about\",\"item\":\"https:\\\/\\\/donnadieu-associes.fr\\\/en\\\/about\\\/\"},{\"@type\":\"ListItem\",\"position\":3,\"name\":\"values &#038; sponsorship\"}]},{\"@type\":\"WebSite\",\"@id\":\"https:\\\/\\\/donnadieu-associes.fr\\\/en\\\/#website\",\"url\":\"https:\\\/\\\/donnadieu-associes.fr\\\/en\\\/\",\"name\":\"Donnadieu &amp; Associ\u00e9s\",\"description\":\"L\u2019expertise financi\u00e8re (au service) de la solidarit\u00e9 internationale\",\"potentialAction\":[{\"@type\":\"SearchAction\",\"target\":{\"@type\":\"EntryPoint\",\"urlTemplate\":\"https:\\\/\\\/donnadieu-associes.fr\\\/en\\\/?s={search_term_string}\"},\"query-input\":{\"@type\":\"PropertyValueSpecification\",\"valueRequired\":true,\"valueName\":\"search_term_string\"}}],\"inLanguage\":\"en-US\"}]}<\/script>\n<!-- \/ Yoast SEO plugin. -->","yoast_head_json":{"title":"Values & Sponsorship - Humanitarian audit of NGOs","description":"Our Donnadieu & Associ\u00e9s M\u00e9c\u00e9nat endowment fund aims to support international solidarity actions, through the free provision of speakers on humanitarian audit of NGOs, expertise and advice.","robots":{"index":"index","follow":"follow","max-snippet":"max-snippet:-1","max-image-preview":"max-image-preview:large","max-video-preview":"max-video-preview:-1"},"canonical":"https:\/\/donnadieu-associes.fr\/en\/values-sponsorship\/","og_locale":"en_US","og_type":"article","og_title":"Values & Sponsorship - Humanitarian audit of NGOs","og_description":"Our Donnadieu & Associ\u00e9s M\u00e9c\u00e9nat endowment fund aims to support international solidarity actions, through the free provision of speakers on humanitarian audit of NGOs, expertise and advice.","og_url":"https:\/\/donnadieu-associes.fr\/en\/values-sponsorship\/","og_site_name":"Donnadieu &amp; Associ\u00e9s","article_modified_time":"2023-05-11T12:51:42+00:00","twitter_card":"summary_large_image","twitter_misc":{"Est. reading time":"1 minute"},"schema":{"@context":"https:\/\/schema.org","@graph":[{"@type":"WebPage","@id":"https:\/\/donnadieu-associes.fr\/en\/values-sponsorship\/","url":"https:\/\/donnadieu-associes.fr\/en\/values-sponsorship\/","name":"Values & Sponsorship - Humanitarian audit of NGOs","isPartOf":{"@id":"https:\/\/donnadieu-associes.fr\/en\/#website"},"datePublished":"2017-06-08T09:25:37+00:00","dateModified":"2023-05-11T12:51:42+00:00","description":"Our Donnadieu & Associ\u00e9s M\u00e9c\u00e9nat endowment fund aims to support international solidarity actions, through the free provision of speakers on humanitarian audit of NGOs, expertise and advice.","breadcrumb":{"@id":"https:\/\/donnadieu-associes.fr\/en\/values-sponsorship\/#breadcrumb"},"inLanguage":"en-US","potentialAction":[{"@type":"ReadAction","target":["https:\/\/donnadieu-associes.fr\/en\/values-sponsorship\/"]}]},{"@type":"BreadcrumbList","@id":"https:\/\/donnadieu-associes.fr\/en\/values-sponsorship\/#breadcrumb","itemListElement":[{"@type":"ListItem","position":1,"name":"Accueil","item":"https:\/\/donnadieu-associes.fr\/en\/"},{"@type":"ListItem","position":2,"name":"about","item":"https:\/\/donnadieu-associes.fr\/en\/about\/"},{"@type":"ListItem","position":3,"name":"values &#038; sponsorship"}]},{"@type":"WebSite","@id":"https:\/\/donnadieu-associes.fr\/en\/#website","url":"https:\/\/donnadieu-associes.fr\/en\/","name":"Donnadieu &amp; Associ\u00e9s","description":"L\u2019expertise financi\u00e8re (au service) de la solidarit\u00e9 internationale","potentialAction":[{"@type":"SearchAction","target":{"@type":"EntryPoint","urlTemplate":"https:\/\/donnadieu-associes.fr\/en\/?s={search_term_string}"},"query-input":{"@type":"PropertyValueSpecification","valueRequired":true,"valueName":"search_term_string"}}],"inLanguage":"en-US"}]}},"_links":{"self":[{"href":"https:\/\/donnadieu-associes.fr\/en\/wp-json\/wp\/v2\/pages\/759","targetHints":{"allow":["GET"]}}],"collection":[{"href":"https:\/\/donnadieu-associes.fr\/en\/wp-json\/wp\/v2\/pages"}],"about":[{"href":"https:\/\/donnadieu-associes.fr\/en\/wp-json\/wp\/v2\/types\/page"}],"author":[{"embeddable":true,"href":"https:\/\/donnadieu-associes.fr\/en\/wp-json\/wp\/v2\/users\/1"}],"replies":[{"embeddable":true,"href":"https:\/\/donnadieu-associes.fr\/en\/wp-json\/wp\/v2\/comments?post=759"}],"version-history":[{"count":5,"href":"https:\/\/donnadieu-associes.fr\/en\/wp-json\/wp\/v2\/pages\/759\/revisions"}],"predecessor-version":[{"id":1122,"href":"https:\/\/donnadieu-associes.fr\/en\/wp-json\/wp\/v2\/pages\/759\/revisions\/1122"}],"wp:attachment":[{"href":"https:\/\/donnadieu-associes.fr\/en\/wp-json\/wp\/v2\/media?parent=759"}],"curies":[{"name":"wp","href":"https:\/\/api.w.org\/{rel}","templated":true}]}}