{"id":712,"date":"2017-01-04T09:49:58","date_gmt":"2017-01-04T08:49:58","guid":{"rendered":"https:\/\/donnadieu-associes.fr\/home\/"},"modified":"2026-04-07T12:30:54","modified_gmt":"2026-04-07T10:30:54","slug":"home","status":"publish","type":"page","link":"https:\/\/donnadieu-associes.fr\/en\/","title":{"rendered":"home"},"content":{"rendered":"<h1>financial security without borders<\/h1>\n<p>center<\/p>\n<p>no-repeat;center top;;<\/p>\n<p>auto<\/p>\n<h2>Financial and legal missions with high added value,<br \/>\nin the service of international solidarity<\/h2>\n<p>center<\/p>\n<p>no-repeat;center top;;<\/p>\n<p>auto<\/p>\n<p>0px<\/p>\n<p><center><\/p>\n<h3>client base<\/h3>\n<p><\/center><br \/>\n<div class=\"image_frame image_item no_link scale-with-grid element_classes aligncenter no_border mfn-img-box\" ><div class=\"image_wrapper\"><img decoding=\"async\" class=\"scale-with-grid\" src=\"\/wp-content\/uploads\/2017\/05\/Puce-solo-HD.png\" fetchpriority=\"high\" alt=\"home\" title=\"\" width=\"\" height=\"\" style=\"\"\/><\/div><\/div>\n\n<p>Donnadieu &amp; Associ\u00e9s is <b>the leading<\/b> French firm in financial and legal consulting, audit and advice, <b>dedicated to the international solidarity sector<\/b>.<br \/>\nIt works with NGOs, foundations and funding partners who in turn work to protect life in the following areas:<\/p>\n<ul class=\"fred_bullet\">\n<li>humanitarian and social action<\/li>\n<li>development<\/li>\n<li>the environment<\/li>\n<li>advocacy<\/li>\n<\/ul>\n<p>left<\/p>\n<p>no-repeat;center top;;<\/p>\n<p>auto<\/p>\n<p><center><\/p>\n<h3>expertise<\/h3>\n<p><\/center><br \/>\n<div class=\"image_frame image_item no_link scale-with-grid element_classes aligncenter no_border mfn-img-box\" ><div class=\"image_wrapper\"><img decoding=\"async\" class=\"scale-with-grid\" src=\"\/wp-content\/uploads\/2017\/05\/Puce-diag-1.png\" fetchpriority=\"high\" alt=\"home\" title=\"\" width=\"\" height=\"\" style=\"\"\/><\/div><\/div>\n\n<p>The funds entrusted to solidarity partners are even more effective in helping beneficiary populations if they are secured.<\/p>\n<p>Donnadieu &amp; Associ\u00e9s plays a leading role in <b>strengthening the capabilities of NGOs<\/b> in the financial, organisational and legal fields.<\/p>\n<p>Its experience contributes to the sector\u2019s reliability and thus to a <b>more attractive, sustainable offer in terms of financing<\/b>.<\/p>\n<p>left<\/p>\n<p>no-repeat;center top;;<\/p>\n<p>auto<\/p>\n<p><center><\/p>\n<h3>scope<\/h3>\n<p><\/center><br \/>\n<div class=\"image_frame image_item no_link scale-with-grid element_classes aligncenter no_border mfn-img-box\" ><div class=\"image_wrapper\"><img decoding=\"async\" class=\"scale-with-grid\" src=\"\/wp-content\/uploads\/2017\/05\/Puce-1-BD.png\" fetchpriority=\"high\" alt=\"home\" title=\"\" width=\"\" height=\"\" style=\"\"\/><\/div><\/div>\n\n<p>A pioneer of &#8220;financial action without borders&#8221;, Donnadieu &amp; Associ\u00e9s supports solidarity organisations worldwide, <b>with no restriction on destinations<\/b>, including crisis theatres.<\/p>\n<ul class=\"fred_bullet\">\n<li>Member of the <a href=\"http:\/\/www.experts-comptables.fr\/\">Ordre des Experts Comptables<\/a><\/li>\n<li>Member of the <a href=\"https:\/\/www.cncc.fr\/\"> Compagnie des Commissaires aux Comptes<\/a>)<\/li>\n<li>Member of the <a href=\"http:\/\/www.ccef.net\/\">Compagnie des Conseils et Experts Financiers<\/a><\/li>\n<li>Partner of the <a href=\"http:\/\/aadh.fr\/\">Alliance des Avocats pour les Droits de l\u2019Homme<\/a><\/li>\n<\/ul>\n<p>left<\/p>\n<p>no-repeat;center top;;<\/p>\n<p>auto<\/p>\n<p>references<\/p>\n<p>111<\/p>\n<p>vertical<\/p>\n<p>.rouge<\/p>\n<p>from NGOs, foundations and funding partners,<br \/>\nworking in the field of international solidarity.<\/p>\n<p>center<\/p>\n<p>no-repeat;center top;;<\/p>\n<p>auto<\/p>\n<p>-20px 10px 20px 10px<\/p>\n<p>million \u20ac secured<\/p>\n<p>424<\/p>\n<p>vertical<\/p>\n<p>to enhance solidarity actions<br \/>\nand boost attractiveness for funding.<\/p>\n<p>center<\/p>\n<p>no-repeat;center top;;<\/p>\n<p>auto<\/p>\n<p>missions<\/p>\n<p>#9f1212<\/p>\n<p>256<\/p>\n<p>vertical<\/p>\n<p>financial and legal advice, expertise and audit<br \/>\nat both national and international level.<\/p>\n<p>center<\/p>\n<p>no-repeat;center top;;<\/p>\n<p>auto<\/p>\n<p>-20px 10px 20px 10px<\/p>\n<h4>Action contre la faim<\/h4>\n<p>Audit Coordinator for Public Funding Bodies<\/p>\n<p>left<\/p>\n<p>no-repeat;center top;;<\/p>\n<p>auto<\/p>\n<p>0px<\/p>\n<p>20px 1%<\/p>\n<p>\u00ab NGOs are contractually obliged to organise audits for all public funding received. We chose Donnadieu &amp; Associ\u00e9s to complete this mission because the firm specialises in international mutual aid. This extra know-how means it can adapt to our specific constraints and ensure a genuine support role.<\/p>\n<p><b>I particularly appreciated the tools implemented, such as the secure document sharing platform<\/b>, making it possible to understand the key stages of the audit in an informative way, and providing valuable time savings in our day-to-day work. \u00bb<\/p>\n<p>left<\/p>\n<p>no-repeat;center top;;<\/p>\n<p>auto<\/p>\n<p>20px 2%<\/p>\n<h4>Reporters sans fronti\u00e8res<\/h4>\n<p>Elodie Truchon<br \/>\nAdministrative and Financial Director<\/p>\n<p>left<\/p>\n<p>no-repeat;center top;;<\/p>\n<p>auto<\/p>\n<p>0px<\/p>\n<p>20px 1%<\/p>\n<p>\u00ab Financing agreements concluded with international funding bodies necessitate an in-depth knowledge of the requirements expected, and the specific features of each financial partner. Donnadieu &amp; Associ\u00e9s perfectly understands and masters such requirements.<b> I trust them implicitly to tell us about the specific technical features of a given body, which allows us to approach the financial monitoring of projects in a calmer way<\/b>. I am also appreciative of their clear, simple and timely method of working, along with the ease of discussions with all those involved in following up projects, allowing relevant and directly applicable recommendations to be put forward. \u00bb<\/p>\n<p>left<\/p>\n<p>no-repeat;center top;;<\/p>\n<p>auto<\/p>\n<p>20px 1%<\/p>\n<h4>M\u00e9decins sans fronti\u00e8res<\/h4>\n<p>S\u00e9bastien Granier<br \/>\nHead of Operational Finance<\/p>\n<p>left<\/p>\n<p>no-repeat;center top;;<\/p>\n<p>auto<\/p>\n<p>0px<\/p>\n<p>20px 1%<\/p>\n<p>\u00ab The unique feature of Donnadieu &amp; Associ\u00e9s lies in its ability to understand issues specific to NGOs while maintaining accounting excellence. It does not simply know the rule, <b>it also understands the spirit of the rule and those instances where the rule is not applied in the field, if they are well documented<\/b>.<br \/>\nThe teams from Donnadieu &amp; Associ\u00e9s personally travel to sensitive areas (Democratic Republic of Congo or Central African Republic). Its contribution has benefited all MSF services by eliminating the clutter of meaningless processes, and focusing instead on simplicity and checking consistency between the various flows. \u00bb<\/p>\n<p>left<\/p>\n<p>no-repeat;center top;;<\/p>\n<p>auto<\/p>\n<p>20px 1%<\/p>\n<p>no-repeat;center top;;<\/p>\n<p>auto<\/p>\n<div class=\"google_font\" style=\"font-family:'Muli',Arial,Tahoma,sans-serif;font-size:18px;line-height:18px;font-weight:400;letter-spacing:0px;color:#BAB7B1;\">Financial security of NGO<\/div>\n\n<p>left<\/p>\n<p>no-repeat;center top;;<\/p>\n<p>auto<\/p>\n<p>color: #DDDAD6;<\/p>\n","protected":false},"excerpt":{"rendered":"<p>financial security without borders center no-repeat;center top;; auto Financial and legal missions with high added value, in the service of international solidarity center no-repeat;center top;; auto 0px client base Donnadieu &amp; Associ\u00e9s is the leading French firm in financial and legal consulting, audit and advice, dedicated to the international solidarity sector. It works with NGOs, foundations and funding partners who in turn work to protect life in the following areas: humanitarian and social action development the environment advocacy left no-repeat;center top;; auto expertise The funds entrusted to solidarity partners are even more effective in helping beneficiary populations if they are secured. Donnadieu &amp; Associ\u00e9s plays a leading role in strengthening the capabilities of NGOs in the financial, organisational and legal fields. Its experience contributes to the sector\u2019s reliability and thus to a more attractive, sustainable offer in terms of financing. left no-repeat;center top;; auto scope A pioneer of &#8220;financial action<span class=\"excerpt-hellip\"> [\u2026]<\/span><\/p>\n","protected":false},"author":1,"featured_media":0,"parent":0,"menu_order":0,"comment_status":"closed","ping_status":"closed","template":"","meta":{"footnotes":""},"class_list":["post-712","page","type-page","status-publish","hentry"],"yoast_head":"<!-- This site is optimized with the Yoast SEO plugin v27.5 - https:\/\/yoast.com\/product\/yoast-seo-wordpress\/ -->\n<title>S\u00e9curit\u00e9 financi\u00e8re des ONG - Donnadieu et Associ\u00e9s<\/title>\n<meta name=\"description\" content=\"Des missions financi\u00e8res et juridiques \u00e0 haute valeur ajout\u00e9e, au service de la solidarit\u00e9 internationale. La s\u00e9curit\u00e9 financi\u00e8re des ONG.\" \/>\n<meta name=\"robots\" content=\"index, follow, max-snippet:-1, max-image-preview:large, max-video-preview:-1\" \/>\n<link rel=\"canonical\" href=\"https:\/\/donnadieu-associes.fr\/en\/\" \/>\n<meta property=\"og:locale\" content=\"en_US\" \/>\n<meta property=\"og:type\" content=\"article\" \/>\n<meta property=\"og:title\" content=\"S\u00e9curit\u00e9 financi\u00e8re des ONG - Donnadieu et Associ\u00e9s\" \/>\n<meta property=\"og:description\" content=\"Des missions financi\u00e8res et juridiques \u00e0 haute valeur ajout\u00e9e, au service de la solidarit\u00e9 internationale. La s\u00e9curit\u00e9 financi\u00e8re des ONG.\" \/>\n<meta property=\"og:url\" content=\"https:\/\/donnadieu-associes.fr\/en\/\" \/>\n<meta property=\"og:site_name\" content=\"Donnadieu &amp; Associ\u00e9s\" \/>\n<meta property=\"article:modified_time\" content=\"2026-04-07T10:30:54+00:00\" \/>\n<meta name=\"twitter:card\" content=\"summary_large_image\" \/>\n<meta name=\"twitter:label1\" content=\"Est. reading time\" \/>\n\t<meta name=\"twitter:data1\" content=\"4 minutes\" \/>\n<script type=\"application\/ld+json\" class=\"yoast-schema-graph\">{\"@context\":\"https:\\\/\\\/schema.org\",\"@graph\":[{\"@type\":\"WebPage\",\"@id\":\"https:\\\/\\\/donnadieu-associes.fr\\\/en\\\/\",\"url\":\"https:\\\/\\\/donnadieu-associes.fr\\\/en\\\/\",\"name\":\"S\u00e9curit\u00e9 financi\u00e8re des ONG - Donnadieu et Associ\u00e9s\",\"isPartOf\":{\"@id\":\"https:\\\/\\\/donnadieu-associes.fr\\\/en\\\/#website\"},\"datePublished\":\"2017-01-04T08:49:58+00:00\",\"dateModified\":\"2026-04-07T10:30:54+00:00\",\"description\":\"Des missions financi\u00e8res et juridiques \u00e0 haute valeur ajout\u00e9e, au service de la solidarit\u00e9 internationale. La s\u00e9curit\u00e9 financi\u00e8re des ONG.\",\"breadcrumb\":{\"@id\":\"https:\\\/\\\/donnadieu-associes.fr\\\/en\\\/#breadcrumb\"},\"inLanguage\":\"en-US\",\"potentialAction\":[{\"@type\":\"ReadAction\",\"target\":[\"https:\\\/\\\/donnadieu-associes.fr\\\/en\\\/\"]}]},{\"@type\":\"BreadcrumbList\",\"@id\":\"https:\\\/\\\/donnadieu-associes.fr\\\/en\\\/#breadcrumb\",\"itemListElement\":[{\"@type\":\"ListItem\",\"position\":1,\"name\":\"Accueil\",\"item\":\"https:\\\/\\\/donnadieu-associes.fr\\\/en\\\/\"},{\"@type\":\"ListItem\",\"position\":2,\"name\":\"home\"}]},{\"@type\":\"WebSite\",\"@id\":\"https:\\\/\\\/donnadieu-associes.fr\\\/en\\\/#website\",\"url\":\"https:\\\/\\\/donnadieu-associes.fr\\\/en\\\/\",\"name\":\"Donnadieu &amp; Associ\u00e9s\",\"description\":\"L\u2019expertise financi\u00e8re (au service) de la solidarit\u00e9 internationale\",\"potentialAction\":[{\"@type\":\"SearchAction\",\"target\":{\"@type\":\"EntryPoint\",\"urlTemplate\":\"https:\\\/\\\/donnadieu-associes.fr\\\/en\\\/?s={search_term_string}\"},\"query-input\":{\"@type\":\"PropertyValueSpecification\",\"valueRequired\":true,\"valueName\":\"search_term_string\"}}],\"inLanguage\":\"en-US\"}]}<\/script>\n<!-- \/ Yoast SEO plugin. -->","yoast_head_json":{"title":"S\u00e9curit\u00e9 financi\u00e8re des ONG - Donnadieu et Associ\u00e9s","description":"Des missions financi\u00e8res et juridiques \u00e0 haute valeur ajout\u00e9e, au service de la solidarit\u00e9 internationale. La s\u00e9curit\u00e9 financi\u00e8re des ONG.","robots":{"index":"index","follow":"follow","max-snippet":"max-snippet:-1","max-image-preview":"max-image-preview:large","max-video-preview":"max-video-preview:-1"},"canonical":"https:\/\/donnadieu-associes.fr\/en\/","og_locale":"en_US","og_type":"article","og_title":"S\u00e9curit\u00e9 financi\u00e8re des ONG - Donnadieu et Associ\u00e9s","og_description":"Des missions financi\u00e8res et juridiques \u00e0 haute valeur ajout\u00e9e, au service de la solidarit\u00e9 internationale. La s\u00e9curit\u00e9 financi\u00e8re des ONG.","og_url":"https:\/\/donnadieu-associes.fr\/en\/","og_site_name":"Donnadieu &amp; Associ\u00e9s","article_modified_time":"2026-04-07T10:30:54+00:00","twitter_card":"summary_large_image","twitter_misc":{"Est. reading time":"4 minutes"},"schema":{"@context":"https:\/\/schema.org","@graph":[{"@type":"WebPage","@id":"https:\/\/donnadieu-associes.fr\/en\/","url":"https:\/\/donnadieu-associes.fr\/en\/","name":"S\u00e9curit\u00e9 financi\u00e8re des ONG - Donnadieu et Associ\u00e9s","isPartOf":{"@id":"https:\/\/donnadieu-associes.fr\/en\/#website"},"datePublished":"2017-01-04T08:49:58+00:00","dateModified":"2026-04-07T10:30:54+00:00","description":"Des missions financi\u00e8res et juridiques \u00e0 haute valeur ajout\u00e9e, au service de la solidarit\u00e9 internationale. La s\u00e9curit\u00e9 financi\u00e8re des ONG.","breadcrumb":{"@id":"https:\/\/donnadieu-associes.fr\/en\/#breadcrumb"},"inLanguage":"en-US","potentialAction":[{"@type":"ReadAction","target":["https:\/\/donnadieu-associes.fr\/en\/"]}]},{"@type":"BreadcrumbList","@id":"https:\/\/donnadieu-associes.fr\/en\/#breadcrumb","itemListElement":[{"@type":"ListItem","position":1,"name":"Accueil","item":"https:\/\/donnadieu-associes.fr\/en\/"},{"@type":"ListItem","position":2,"name":"home"}]},{"@type":"WebSite","@id":"https:\/\/donnadieu-associes.fr\/en\/#website","url":"https:\/\/donnadieu-associes.fr\/en\/","name":"Donnadieu &amp; Associ\u00e9s","description":"L\u2019expertise financi\u00e8re (au service) de la solidarit\u00e9 internationale","potentialAction":[{"@type":"SearchAction","target":{"@type":"EntryPoint","urlTemplate":"https:\/\/donnadieu-associes.fr\/en\/?s={search_term_string}"},"query-input":{"@type":"PropertyValueSpecification","valueRequired":true,"valueName":"search_term_string"}}],"inLanguage":"en-US"}]}},"_links":{"self":[{"href":"https:\/\/donnadieu-associes.fr\/en\/wp-json\/wp\/v2\/pages\/712","targetHints":{"allow":["GET"]}}],"collection":[{"href":"https:\/\/donnadieu-associes.fr\/en\/wp-json\/wp\/v2\/pages"}],"about":[{"href":"https:\/\/donnadieu-associes.fr\/en\/wp-json\/wp\/v2\/types\/page"}],"author":[{"embeddable":true,"href":"https:\/\/donnadieu-associes.fr\/en\/wp-json\/wp\/v2\/users\/1"}],"replies":[{"embeddable":true,"href":"https:\/\/donnadieu-associes.fr\/en\/wp-json\/wp\/v2\/comments?post=712"}],"version-history":[{"count":5,"href":"https:\/\/donnadieu-associes.fr\/en\/wp-json\/wp\/v2\/pages\/712\/revisions"}],"predecessor-version":[{"id":1766,"href":"https:\/\/donnadieu-associes.fr\/en\/wp-json\/wp\/v2\/pages\/712\/revisions\/1766"}],"wp:attachment":[{"href":"https:\/\/donnadieu-associes.fr\/en\/wp-json\/wp\/v2\/media?parent=712"}],"curies":[{"name":"wp","href":"https:\/\/api.w.org\/{rel}","templated":true}]}}