{"id":1640,"date":"2018-02-22T11:28:50","date_gmt":"2018-02-22T10:28:50","guid":{"rendered":"https:\/\/donnadieu-associes.fr\/check-list-de-suivi-de-la-mise-en-application-des-termes-de-reference-des-contrats-europaid-prag-2016\/"},"modified":"2023-12-21T11:47:11","modified_gmt":"2023-12-21T10:47:11","slug":"check-list-de-suivi-de-la-mise-en-application-des-termes-de-reference-des-contrats-europaid-prag-2016","status":"publish","type":"page","link":"https:\/\/donnadieu-associes.fr\/en\/ressources\/check-list-de-suivi-de-la-mise-en-application-des-termes-de-reference-des-contrats-europaid-prag-2016\/","title":{"rendered":"Check-list de suivi de la mise en application des termes de r\u00e9f\u00e9rence des contrats EUROPAID (PRAG 2016)"},"content":{"rendered":"<div class=\"image_frame image_item no_link scale-with-grid element_classes no_border mfn-img-box\" ><div class=\"image_wrapper\"><img decoding=\"async\" class=\"scale-with-grid\" src=\"\/wp-content\/uploads\/2017\/07\/picto-document_new.png\" fetchpriority=\"high\" alt=\"Check-list de suivi de la mise en application des termes de r\u00e9f\u00e9rence des contrats EUROPAID (PRAG 2016)\" title=\"\" width=\"35px\" height=\"35px\" style=\"\"\/><\/div><\/div>\n\n<hr class=\"no_line\" style=\"margin: 0 auto 5px auto\"\/>\n\n<div class=\"mfn_heading  align_left\"><h2 class=\"title\" style=\"color:#8F8272;\">Checklist for monitoring implementation of EUROPEAID contract terms of reference (Prag 2016)<\/h2><\/div>\n\n<hr class=\"no_line\" style=\"margin: 0 auto 10px auto\"\/>\n\n<div class=\"column one-second mobile-one\"><div class=\"mcb-column-inner\">\n<div class=\"image_frame image_item scale-with-grid element_classes aligncenter no_border mfn-img-box\"  role=\"link\" aria-label=\"Image with links\" tabindex=\"0\"><div class=\"image_wrapper\"><a href=\"\/wp-content\/uploads\/2018\/02\/Check-list-EuropeAid-PRAG-2016-Version-FR.pdf\"  target=\"_blank\"  class=\"\"  tabindex=\"-1\" title=\"\"><div class=\"mask\"><\/div><img decoding=\"async\" class=\"scale-with-grid\" src=\"\/wp-content\/uploads\/2017\/12\/check-list_FR.jpg\" fetchpriority=\"high\" alt=\"Check-list de suivi de la mise en application des termes de r\u00e9f\u00e9rence des contrats EUROPAID (PRAG 2016)\" title=\"\" width=\"\" height=\"\" style=\"\"\/><\/a><div class=\"image_links\"><a href=\"\/wp-content\/uploads\/2018\/02\/Check-list-EuropeAid-PRAG-2016-Version-FR.pdf\" class=\"link \"  target=\"_blank\"  tabindex=\"-1\" title=\"\"><svg viewBox=\"0 0 26 26\"><defs><style>.path{fill:none;stroke:#333;stroke-miterlimit:10;stroke-width:1.5px;}<\/style><\/defs><g><path d=\"M10.17,8.76l2.12-2.12a5,5,0,0,1,7.07,0h0a5,5,0,0,1,0,7.07l-2.12,2.12\" class=\"path\"><\/path><path d=\"M15.83,17.24l-2.12,2.12a5,5,0,0,1-7.07,0h0a5,5,0,0,1,0-7.07l2.12-2.12\" class=\"path\"><\/path><line x1=\"10.17\" y1=\"15.83\" x2=\"15.83\" y2=\"10.17\" class=\"path\"><\/line><\/g><\/svg><\/a><\/div><\/div><\/div>\n\n<\/div><\/div>\n\n<div class=\"column one-second mobile-one\"><div class=\"mcb-column-inner\">\n<div class=\"image_frame image_item scale-with-grid element_classes aligncenter no_border mfn-img-box\"  role=\"link\" aria-label=\"Image with links\" tabindex=\"0\"><div class=\"image_wrapper\"><a href=\"\/wp-content\/uploads\/2018\/02\/Check-list-EuropeAid-PRAG-2016-Version-GB.pdf\"  target=\"_blank\"  class=\"\"  tabindex=\"-1\" title=\"\"><div class=\"mask\"><\/div><img decoding=\"async\" class=\"scale-with-grid\" src=\"\/wp-content\/uploads\/2017\/12\/check-list_UK.jpg\" fetchpriority=\"high\" alt=\"Check-list de suivi de la mise en application des termes de r\u00e9f\u00e9rence des contrats EUROPAID (PRAG 2016)\" title=\"\" width=\"\" height=\"\" style=\"\"\/><\/a><div class=\"image_links\"><a href=\"\/wp-content\/uploads\/2018\/02\/Check-list-EuropeAid-PRAG-2016-Version-GB.pdf\" class=\"link \"  target=\"_blank\"  tabindex=\"-1\" title=\"\"><svg viewBox=\"0 0 26 26\"><defs><style>.path{fill:none;stroke:#333;stroke-miterlimit:10;stroke-width:1.5px;}<\/style><\/defs><g><path d=\"M10.17,8.76l2.12-2.12a5,5,0,0,1,7.07,0h0a5,5,0,0,1,0,7.07l-2.12,2.12\" class=\"path\"><\/path><path d=\"M15.83,17.24l-2.12,2.12a5,5,0,0,1-7.07,0h0a5,5,0,0,1,0-7.07l2.12-2.12\" class=\"path\"><\/path><line x1=\"10.17\" y1=\"15.83\" x2=\"15.83\" y2=\"10.17\" class=\"path\"><\/line><\/g><\/svg><\/a><\/div><\/div><\/div>\n\n<\/div><\/div>\n\n<p>no-repeat;center top;;<\/p>\n<p>auto<\/p>\n<p><a href=\"https:\/\/donnadieu-associes.fr\/en\/ressources\/\" class=\"mesliens\">\u2190 back to ressources<\/a><br \/>\n<hr class=\"no_line\" style=\"margin: 0 auto 20px auto\"\/>\n\n<b>Checklist<\/b> fillable, in French and English versions) for<b> dmonitoring compliance with the main terms of reference<\/b> (in particular relating to expenditure eligibility criteria) of EuropeAid funding contracts (PRAG 2016).<\/p>\n<p>no-repeat;center top;;<\/p>\n<p>auto<\/p>\n","protected":false},"excerpt":{"rendered":"<p>no-repeat;center top;; auto \u2190 back to ressources Checklist fillable, in French and English versions) for dmonitoring compliance with the main terms of reference (in particular relating to expenditure eligibility criteria) of EuropeAid funding contracts (PRAG 2016). no-repeat;center top;; auto<\/p>\n","protected":false},"author":1,"featured_media":0,"parent":765,"menu_order":0,"comment_status":"closed","ping_status":"closed","template":"","meta":{"footnotes":""},"class_list":["post-1640","page","type-page","status-publish","hentry"],"yoast_head":"<!-- This site is optimized with the Yoast SEO plugin v27.5 - https:\/\/yoast.com\/product\/yoast-seo-wordpress\/ -->\n<title>Check-list de suivi de la mise en application des termes de r\u00e9f\u00e9rence des contrats EUROPAID (PRAG 2016) - Donnadieu &amp; Associ\u00e9s<\/title>\n<meta name=\"robots\" content=\"index, follow, max-snippet:-1, max-image-preview:large, max-video-preview:-1\" \/>\n<link rel=\"canonical\" href=\"https:\/\/donnadieu-associes.fr\/en\/ressources\/check-list-de-suivi-de-la-mise-en-application-des-termes-de-reference-des-contrats-europaid-prag-2016\/\" \/>\n<meta property=\"og:locale\" content=\"en_US\" \/>\n<meta property=\"og:type\" content=\"article\" \/>\n<meta property=\"og:title\" content=\"Check-list de suivi de la mise en application des termes de r\u00e9f\u00e9rence des contrats EUROPAID (PRAG 2016) - Donnadieu &amp; Associ\u00e9s\" \/>\n<meta property=\"og:description\" content=\"no-repeat;center top;; auto \u2190 back to ressources Checklist fillable, in French and English versions) for dmonitoring compliance with the main terms of reference (in particular relating to expenditure eligibility criteria) of EuropeAid funding contracts (PRAG 2016). no-repeat;center top;; auto\" \/>\n<meta property=\"og:url\" content=\"https:\/\/donnadieu-associes.fr\/en\/ressources\/check-list-de-suivi-de-la-mise-en-application-des-termes-de-reference-des-contrats-europaid-prag-2016\/\" \/>\n<meta property=\"og:site_name\" content=\"Donnadieu &amp; Associ\u00e9s\" \/>\n<meta property=\"article:modified_time\" content=\"2023-12-21T10:47:11+00:00\" \/>\n<meta name=\"twitter:card\" content=\"summary_large_image\" \/>\n<meta name=\"twitter:label1\" content=\"Est. reading time\" \/>\n\t<meta name=\"twitter:data1\" content=\"1 minute\" \/>\n<script type=\"application\/ld+json\" class=\"yoast-schema-graph\">{\"@context\":\"https:\\\/\\\/schema.org\",\"@graph\":[{\"@type\":\"WebPage\",\"@id\":\"https:\\\/\\\/donnadieu-associes.fr\\\/en\\\/ressources\\\/check-list-de-suivi-de-la-mise-en-application-des-termes-de-reference-des-contrats-europaid-prag-2016\\\/\",\"url\":\"https:\\\/\\\/donnadieu-associes.fr\\\/en\\\/ressources\\\/check-list-de-suivi-de-la-mise-en-application-des-termes-de-reference-des-contrats-europaid-prag-2016\\\/\",\"name\":\"Check-list de suivi de la mise en application des termes de r\u00e9f\u00e9rence des contrats EUROPAID (PRAG 2016) - Donnadieu &amp; Associ\u00e9s\",\"isPartOf\":{\"@id\":\"https:\\\/\\\/donnadieu-associes.fr\\\/en\\\/#website\"},\"datePublished\":\"2018-02-22T10:28:50+00:00\",\"dateModified\":\"2023-12-21T10:47:11+00:00\",\"breadcrumb\":{\"@id\":\"https:\\\/\\\/donnadieu-associes.fr\\\/en\\\/ressources\\\/check-list-de-suivi-de-la-mise-en-application-des-termes-de-reference-des-contrats-europaid-prag-2016\\\/#breadcrumb\"},\"inLanguage\":\"en-US\",\"potentialAction\":[{\"@type\":\"ReadAction\",\"target\":[\"https:\\\/\\\/donnadieu-associes.fr\\\/en\\\/ressources\\\/check-list-de-suivi-de-la-mise-en-application-des-termes-de-reference-des-contrats-europaid-prag-2016\\\/\"]}]},{\"@type\":\"BreadcrumbList\",\"@id\":\"https:\\\/\\\/donnadieu-associes.fr\\\/en\\\/ressources\\\/check-list-de-suivi-de-la-mise-en-application-des-termes-de-reference-des-contrats-europaid-prag-2016\\\/#breadcrumb\",\"itemListElement\":[{\"@type\":\"ListItem\",\"position\":1,\"name\":\"Accueil\",\"item\":\"https:\\\/\\\/donnadieu-associes.fr\\\/en\\\/\"},{\"@type\":\"ListItem\",\"position\":2,\"name\":\"ressources\",\"item\":\"https:\\\/\\\/donnadieu-associes.fr\\\/en\\\/ressources\\\/\"},{\"@type\":\"ListItem\",\"position\":3,\"name\":\"Check-list de suivi de la mise en application des termes de r\u00e9f\u00e9rence des contrats EUROPAID (PRAG 2016)\"}]},{\"@type\":\"WebSite\",\"@id\":\"https:\\\/\\\/donnadieu-associes.fr\\\/en\\\/#website\",\"url\":\"https:\\\/\\\/donnadieu-associes.fr\\\/en\\\/\",\"name\":\"Donnadieu &amp; Associ\u00e9s\",\"description\":\"L\u2019expertise financi\u00e8re (au service) de la solidarit\u00e9 internationale\",\"potentialAction\":[{\"@type\":\"SearchAction\",\"target\":{\"@type\":\"EntryPoint\",\"urlTemplate\":\"https:\\\/\\\/donnadieu-associes.fr\\\/en\\\/?s={search_term_string}\"},\"query-input\":{\"@type\":\"PropertyValueSpecification\",\"valueRequired\":true,\"valueName\":\"search_term_string\"}}],\"inLanguage\":\"en-US\"}]}<\/script>\n<!-- \/ Yoast SEO plugin. -->","yoast_head_json":{"title":"Check-list de suivi de la mise en application des termes de r\u00e9f\u00e9rence des contrats EUROPAID (PRAG 2016) - Donnadieu &amp; Associ\u00e9s","robots":{"index":"index","follow":"follow","max-snippet":"max-snippet:-1","max-image-preview":"max-image-preview:large","max-video-preview":"max-video-preview:-1"},"canonical":"https:\/\/donnadieu-associes.fr\/en\/ressources\/check-list-de-suivi-de-la-mise-en-application-des-termes-de-reference-des-contrats-europaid-prag-2016\/","og_locale":"en_US","og_type":"article","og_title":"Check-list de suivi de la mise en application des termes de r\u00e9f\u00e9rence des contrats EUROPAID (PRAG 2016) - Donnadieu &amp; Associ\u00e9s","og_description":"no-repeat;center top;; auto \u2190 back to ressources Checklist fillable, in French and English versions) for dmonitoring compliance with the main terms of reference (in particular relating to expenditure eligibility criteria) of EuropeAid funding contracts (PRAG 2016). no-repeat;center top;; auto","og_url":"https:\/\/donnadieu-associes.fr\/en\/ressources\/check-list-de-suivi-de-la-mise-en-application-des-termes-de-reference-des-contrats-europaid-prag-2016\/","og_site_name":"Donnadieu &amp; Associ\u00e9s","article_modified_time":"2023-12-21T10:47:11+00:00","twitter_card":"summary_large_image","twitter_misc":{"Est. reading time":"1 minute"},"schema":{"@context":"https:\/\/schema.org","@graph":[{"@type":"WebPage","@id":"https:\/\/donnadieu-associes.fr\/en\/ressources\/check-list-de-suivi-de-la-mise-en-application-des-termes-de-reference-des-contrats-europaid-prag-2016\/","url":"https:\/\/donnadieu-associes.fr\/en\/ressources\/check-list-de-suivi-de-la-mise-en-application-des-termes-de-reference-des-contrats-europaid-prag-2016\/","name":"Check-list de suivi de la mise en application des termes de r\u00e9f\u00e9rence des contrats EUROPAID (PRAG 2016) - Donnadieu &amp; Associ\u00e9s","isPartOf":{"@id":"https:\/\/donnadieu-associes.fr\/en\/#website"},"datePublished":"2018-02-22T10:28:50+00:00","dateModified":"2023-12-21T10:47:11+00:00","breadcrumb":{"@id":"https:\/\/donnadieu-associes.fr\/en\/ressources\/check-list-de-suivi-de-la-mise-en-application-des-termes-de-reference-des-contrats-europaid-prag-2016\/#breadcrumb"},"inLanguage":"en-US","potentialAction":[{"@type":"ReadAction","target":["https:\/\/donnadieu-associes.fr\/en\/ressources\/check-list-de-suivi-de-la-mise-en-application-des-termes-de-reference-des-contrats-europaid-prag-2016\/"]}]},{"@type":"BreadcrumbList","@id":"https:\/\/donnadieu-associes.fr\/en\/ressources\/check-list-de-suivi-de-la-mise-en-application-des-termes-de-reference-des-contrats-europaid-prag-2016\/#breadcrumb","itemListElement":[{"@type":"ListItem","position":1,"name":"Accueil","item":"https:\/\/donnadieu-associes.fr\/en\/"},{"@type":"ListItem","position":2,"name":"ressources","item":"https:\/\/donnadieu-associes.fr\/en\/ressources\/"},{"@type":"ListItem","position":3,"name":"Check-list de suivi de la mise en application des termes de r\u00e9f\u00e9rence des contrats EUROPAID (PRAG 2016)"}]},{"@type":"WebSite","@id":"https:\/\/donnadieu-associes.fr\/en\/#website","url":"https:\/\/donnadieu-associes.fr\/en\/","name":"Donnadieu &amp; Associ\u00e9s","description":"L\u2019expertise financi\u00e8re (au service) de la solidarit\u00e9 internationale","potentialAction":[{"@type":"SearchAction","target":{"@type":"EntryPoint","urlTemplate":"https:\/\/donnadieu-associes.fr\/en\/?s={search_term_string}"},"query-input":{"@type":"PropertyValueSpecification","valueRequired":true,"valueName":"search_term_string"}}],"inLanguage":"en-US"}]}},"_links":{"self":[{"href":"https:\/\/donnadieu-associes.fr\/en\/wp-json\/wp\/v2\/pages\/1640","targetHints":{"allow":["GET"]}}],"collection":[{"href":"https:\/\/donnadieu-associes.fr\/en\/wp-json\/wp\/v2\/pages"}],"about":[{"href":"https:\/\/donnadieu-associes.fr\/en\/wp-json\/wp\/v2\/types\/page"}],"author":[{"embeddable":true,"href":"https:\/\/donnadieu-associes.fr\/en\/wp-json\/wp\/v2\/users\/1"}],"replies":[{"embeddable":true,"href":"https:\/\/donnadieu-associes.fr\/en\/wp-json\/wp\/v2\/comments?post=1640"}],"version-history":[{"count":3,"href":"https:\/\/donnadieu-associes.fr\/en\/wp-json\/wp\/v2\/pages\/1640\/revisions"}],"predecessor-version":[{"id":2719,"href":"https:\/\/donnadieu-associes.fr\/en\/wp-json\/wp\/v2\/pages\/1640\/revisions\/2719"}],"up":[{"embeddable":true,"href":"https:\/\/donnadieu-associes.fr\/en\/wp-json\/wp\/v2\/pages\/765"}],"wp:attachment":[{"href":"https:\/\/donnadieu-associes.fr\/en\/wp-json\/wp\/v2\/media?parent=1640"}],"curies":[{"name":"wp","href":"https:\/\/api.w.org\/{rel}","templated":true}]}}