{"id":1560,"date":"2018-01-04T12:37:11","date_gmt":"2018-01-04T11:37:11","guid":{"rendered":"https:\/\/donnadieu-associes.fr\/ressources\/long-courrier-3-le-compte-demploi-des-ressources-des-organismes-faisant-appel-public-a-la-generosite\/"},"modified":"2018-01-05T09:34:33","modified_gmt":"2018-01-05T08:34:33","slug":"long-courrier-3-le-compte-demploi-des-ressources-des-organismes-faisant-appel-public-a-la-generosite","status":"publish","type":"page","link":"https:\/\/donnadieu-associes.fr\/en\/ressources\/long-courrier-3-le-compte-demploi-des-ressources-des-organismes-faisant-appel-public-a-la-generosite\/","title":{"rendered":"Long-Courrier #3 : Le compte d\u2019emploi des ressources des organismes faisant appel public a\u0300 la ge\u0301ne\u0301rosite\u0301"},"content":{"rendered":"<div class=\"image_frame image_item no_link scale-with-grid element_classes no_border mfn-img-box\" ><div class=\"image_wrapper\"><img decoding=\"async\" class=\"scale-with-grid\" src=\"\/wp-content\/uploads\/2017\/07\/picto-document_new.png\" fetchpriority=\"high\" alt=\"Long-Courrier #3 : Le compte d\u2019emploi des ressources des organismes faisant appel public a\u0300 la ge\u0301ne\u0301rosite\u0301\" title=\"\" width=\"35px\" height=\"35px\" style=\"\"\/><\/div><\/div>\n\n<hr class=\"no_line\" style=\"margin: 0 auto 5px auto\"\/>\n\n<div class=\"mfn_heading  align_left\"><h2 class=\"title\" style=\"color:#8F8272;\">Long-Courrier #3 : Le compte d\u2019emploi des ressources des organismes faisant appel public a\u0300 la ge\u0301ne\u0301rosite\u0301<\/h2><\/div>\n\n<hr class=\"no_line\" style=\"margin: 0 auto 10px auto\"\/>\n\n<div class=\"image_frame image_item scale-with-grid element_classes aligncenter no_border mfn-img-box\"  role=\"link\" aria-label=\"Image with links\" tabindex=\"0\"><div class=\"image_wrapper\"><a href=\"\/wp-content\/uploads\/2017\/12\/Long-Courrier-03.pdf\"  target=\"_blank\"  class=\"\"  tabindex=\"-1\" title=\"\"><div class=\"mask\"><\/div><img decoding=\"async\" class=\"scale-with-grid\" src=\"\/wp-content\/uploads\/2017\/12\/long_courrier.png\" fetchpriority=\"high\" alt=\"Long-Courrier #3 : Le compte d\u2019emploi des ressources des organismes faisant appel public a\u0300 la ge\u0301ne\u0301rosite\u0301\" title=\"\" width=\"267\" height=\"200\" style=\"\"\/><\/a><div class=\"image_links\"><a href=\"\/wp-content\/uploads\/2017\/12\/Long-Courrier-03.pdf\" class=\"link \"  target=\"_blank\"  tabindex=\"-1\" title=\"\"><svg viewBox=\"0 0 26 26\"><defs><style>.path{fill:none;stroke:#333;stroke-miterlimit:10;stroke-width:1.5px;}<\/style><\/defs><g><path d=\"M10.17,8.76l2.12-2.12a5,5,0,0,1,7.07,0h0a5,5,0,0,1,0,7.07l-2.12,2.12\" class=\"path\"><\/path><path d=\"M15.83,17.24l-2.12,2.12a5,5,0,0,1-7.07,0h0a5,5,0,0,1,0-7.07l2.12-2.12\" class=\"path\"><\/path><line x1=\"10.17\" y1=\"15.83\" x2=\"15.83\" y2=\"10.17\" class=\"path\"><\/line><\/g><\/svg><\/a><\/div><\/div><\/div>\n\n<p>no-repeat;center top;;<\/p>\n<p>auto<\/p>\n<p><a href=\"https:\/\/donnadieu-associes.fr\/en\/ressources\/\" class=\"mesliens\">\u2190 Retour aux ressources<\/a><br \/>\n<hr class=\"no_line\" style=\"margin: 0 auto 20px auto\"\/>\n\nLe monde associatif conna\u00eet \u00e0 l\u2019heure actuelle un profond bouleversement en mati\u00e8re de financement, via le d\u00e9veloppement de nouveaux modes (crowdfunding, r\u00e9seaux sociaux, &#8230;). Ce d\u00e9veloppement laisse esp\u00e9rer une croissance du volume des dons collect\u00e9s aupr\u00e8s des particuliers (estimation de 2,2 milliards1 d\u2019euros en France, \u00e0 comparer au volume estim\u00e9 au Royaume-Uni de 11,5 milliards d\u2019euros).<\/p>\n<p> Dans ce cadre, <b>la pr\u00e9sente \u00e9tude \u00e9tablit un point d\u2019actualit\u00e9 sur les \u00e9l\u00e9ments d\u2019information \u00e0 disposition des donateurs pour veiller \u00e0 la correcte utilisation de leurs dons.<\/b><\/p>\n<p>no-repeat;center top;;<\/p>\n<p>auto<\/p>\n","protected":false},"excerpt":{"rendered":"<p>no-repeat;center top;; auto \u2190 Retour aux ressources Le monde associatif conna\u00eet \u00e0 l\u2019heure actuelle un profond bouleversement en mati\u00e8re de financement, via le d\u00e9veloppement de nouveaux modes (crowdfunding, r\u00e9seaux sociaux, &#8230;). Ce d\u00e9veloppement laisse esp\u00e9rer une croissance du volume des dons collect\u00e9s aupr\u00e8s des particuliers (estimation de 2,2 milliards1 d\u2019euros en France, \u00e0 comparer au volume estim\u00e9 au Royaume-Uni de 11,5 milliards d\u2019euros). Dans ce cadre, la pr\u00e9sente \u00e9tude \u00e9tablit un point d\u2019actualit\u00e9 sur les \u00e9l\u00e9ments d\u2019information \u00e0 disposition des donateurs pour veiller \u00e0 la correcte utilisation de leurs dons. no-repeat;center top;; auto<\/p>\n","protected":false},"author":1,"featured_media":0,"parent":765,"menu_order":0,"comment_status":"closed","ping_status":"closed","template":"","meta":{"footnotes":""},"class_list":["post-1560","page","type-page","status-publish","hentry"],"yoast_head":"<!-- This site is optimized with the Yoast SEO plugin v27.6 - https:\/\/yoast.com\/product\/yoast-seo-wordpress\/ -->\n<title>Long-Courrier #3 : Le compte d\u2019emploi des ressources des organismes faisant appel public a\u0300 la ge\u0301ne\u0301rosite\u0301 - Donnadieu &amp; Associ\u00e9s<\/title>\n<meta name=\"robots\" content=\"index, follow, max-snippet:-1, max-image-preview:large, max-video-preview:-1\" \/>\n<link rel=\"canonical\" href=\"https:\/\/donnadieu-associes.fr\/en\/ressources\/long-courrier-3-le-compte-demploi-des-ressources-des-organismes-faisant-appel-public-a-la-generosite\/\" \/>\n<meta property=\"og:locale\" content=\"en_US\" \/>\n<meta property=\"og:type\" content=\"article\" \/>\n<meta property=\"og:title\" content=\"Long-Courrier #3 : Le compte d\u2019emploi des ressources des organismes faisant appel public a\u0300 la ge\u0301ne\u0301rosite\u0301 - Donnadieu &amp; Associ\u00e9s\" \/>\n<meta property=\"og:description\" content=\"no-repeat;center top;; auto \u2190 Retour aux ressources Le monde associatif conna\u00eet \u00e0 l\u2019heure actuelle un profond bouleversement en mati\u00e8re de financement, via le d\u00e9veloppement de nouveaux modes (crowdfunding, r\u00e9seaux sociaux, &#8230;). Ce d\u00e9veloppement laisse esp\u00e9rer une croissance du volume des dons collect\u00e9s aupr\u00e8s des particuliers (estimation de 2,2 milliards1 d\u2019euros en France, \u00e0 comparer au volume estim\u00e9 au Royaume-Uni de 11,5 milliards d\u2019euros). Dans ce cadre, la pr\u00e9sente \u00e9tude \u00e9tablit un point d\u2019actualit\u00e9 sur les \u00e9l\u00e9ments d\u2019information \u00e0 disposition des donateurs pour veiller \u00e0 la correcte utilisation de leurs dons. no-repeat;center top;; auto\" \/>\n<meta property=\"og:url\" content=\"https:\/\/donnadieu-associes.fr\/en\/ressources\/long-courrier-3-le-compte-demploi-des-ressources-des-organismes-faisant-appel-public-a-la-generosite\/\" \/>\n<meta property=\"og:site_name\" content=\"Donnadieu &amp; Associ\u00e9s\" \/>\n<meta property=\"article:modified_time\" content=\"2018-01-05T08:34:33+00:00\" \/>\n<meta name=\"twitter:card\" content=\"summary_large_image\" \/>\n<meta name=\"twitter:label1\" content=\"Est. reading time\" \/>\n\t<meta name=\"twitter:data1\" content=\"1 minute\" \/>\n<script type=\"application\/ld+json\" class=\"yoast-schema-graph\">{\"@context\":\"https:\\\/\\\/schema.org\",\"@graph\":[{\"@type\":\"WebPage\",\"@id\":\"https:\\\/\\\/donnadieu-associes.fr\\\/en\\\/ressources\\\/long-courrier-3-le-compte-demploi-des-ressources-des-organismes-faisant-appel-public-a-la-generosite\\\/\",\"url\":\"https:\\\/\\\/donnadieu-associes.fr\\\/en\\\/ressources\\\/long-courrier-3-le-compte-demploi-des-ressources-des-organismes-faisant-appel-public-a-la-generosite\\\/\",\"name\":\"Long-Courrier #3 : Le compte d\u2019emploi des ressources des organismes faisant appel public a\u0300 la ge\u0301ne\u0301rosite\u0301 - Donnadieu &amp; Associ\u00e9s\",\"isPartOf\":{\"@id\":\"https:\\\/\\\/donnadieu-associes.fr\\\/en\\\/#website\"},\"datePublished\":\"2018-01-04T11:37:11+00:00\",\"dateModified\":\"2018-01-05T08:34:33+00:00\",\"breadcrumb\":{\"@id\":\"https:\\\/\\\/donnadieu-associes.fr\\\/en\\\/ressources\\\/long-courrier-3-le-compte-demploi-des-ressources-des-organismes-faisant-appel-public-a-la-generosite\\\/#breadcrumb\"},\"inLanguage\":\"en-US\",\"potentialAction\":[{\"@type\":\"ReadAction\",\"target\":[\"https:\\\/\\\/donnadieu-associes.fr\\\/en\\\/ressources\\\/long-courrier-3-le-compte-demploi-des-ressources-des-organismes-faisant-appel-public-a-la-generosite\\\/\"]}]},{\"@type\":\"BreadcrumbList\",\"@id\":\"https:\\\/\\\/donnadieu-associes.fr\\\/en\\\/ressources\\\/long-courrier-3-le-compte-demploi-des-ressources-des-organismes-faisant-appel-public-a-la-generosite\\\/#breadcrumb\",\"itemListElement\":[{\"@type\":\"ListItem\",\"position\":1,\"name\":\"Accueil\",\"item\":\"https:\\\/\\\/donnadieu-associes.fr\\\/en\\\/\"},{\"@type\":\"ListItem\",\"position\":2,\"name\":\"ressources\",\"item\":\"https:\\\/\\\/donnadieu-associes.fr\\\/en\\\/ressources\\\/\"},{\"@type\":\"ListItem\",\"position\":3,\"name\":\"Long-Courrier #3 : Le compte d\u2019emploi des ressources des organismes faisant appel public a\u0300 la ge\u0301ne\u0301rosite\u0301\"}]},{\"@type\":\"WebSite\",\"@id\":\"https:\\\/\\\/donnadieu-associes.fr\\\/en\\\/#website\",\"url\":\"https:\\\/\\\/donnadieu-associes.fr\\\/en\\\/\",\"name\":\"Donnadieu &amp; Associ\u00e9s\",\"description\":\"L\u2019expertise financi\u00e8re (au service) de la solidarit\u00e9 internationale\",\"potentialAction\":[{\"@type\":\"SearchAction\",\"target\":{\"@type\":\"EntryPoint\",\"urlTemplate\":\"https:\\\/\\\/donnadieu-associes.fr\\\/en\\\/?s={search_term_string}\"},\"query-input\":{\"@type\":\"PropertyValueSpecification\",\"valueRequired\":true,\"valueName\":\"search_term_string\"}}],\"inLanguage\":\"en-US\"}]}<\/script>\n<!-- \/ Yoast SEO plugin. -->","yoast_head_json":{"title":"Long-Courrier #3 : Le compte d\u2019emploi des ressources des organismes faisant appel public a\u0300 la ge\u0301ne\u0301rosite\u0301 - Donnadieu &amp; Associ\u00e9s","robots":{"index":"index","follow":"follow","max-snippet":"max-snippet:-1","max-image-preview":"max-image-preview:large","max-video-preview":"max-video-preview:-1"},"canonical":"https:\/\/donnadieu-associes.fr\/en\/ressources\/long-courrier-3-le-compte-demploi-des-ressources-des-organismes-faisant-appel-public-a-la-generosite\/","og_locale":"en_US","og_type":"article","og_title":"Long-Courrier #3 : Le compte d\u2019emploi des ressources des organismes faisant appel public a\u0300 la ge\u0301ne\u0301rosite\u0301 - Donnadieu &amp; Associ\u00e9s","og_description":"no-repeat;center top;; auto \u2190 Retour aux ressources Le monde associatif conna\u00eet \u00e0 l\u2019heure actuelle un profond bouleversement en mati\u00e8re de financement, via le d\u00e9veloppement de nouveaux modes (crowdfunding, r\u00e9seaux sociaux, &#8230;). Ce d\u00e9veloppement laisse esp\u00e9rer une croissance du volume des dons collect\u00e9s aupr\u00e8s des particuliers (estimation de 2,2 milliards1 d\u2019euros en France, \u00e0 comparer au volume estim\u00e9 au Royaume-Uni de 11,5 milliards d\u2019euros). Dans ce cadre, la pr\u00e9sente \u00e9tude \u00e9tablit un point d\u2019actualit\u00e9 sur les \u00e9l\u00e9ments d\u2019information \u00e0 disposition des donateurs pour veiller \u00e0 la correcte utilisation de leurs dons. no-repeat;center top;; auto","og_url":"https:\/\/donnadieu-associes.fr\/en\/ressources\/long-courrier-3-le-compte-demploi-des-ressources-des-organismes-faisant-appel-public-a-la-generosite\/","og_site_name":"Donnadieu &amp; Associ\u00e9s","article_modified_time":"2018-01-05T08:34:33+00:00","twitter_card":"summary_large_image","twitter_misc":{"Est. reading time":"1 minute"},"schema":{"@context":"https:\/\/schema.org","@graph":[{"@type":"WebPage","@id":"https:\/\/donnadieu-associes.fr\/en\/ressources\/long-courrier-3-le-compte-demploi-des-ressources-des-organismes-faisant-appel-public-a-la-generosite\/","url":"https:\/\/donnadieu-associes.fr\/en\/ressources\/long-courrier-3-le-compte-demploi-des-ressources-des-organismes-faisant-appel-public-a-la-generosite\/","name":"Long-Courrier #3 : Le compte d\u2019emploi des ressources des organismes faisant appel public a\u0300 la ge\u0301ne\u0301rosite\u0301 - Donnadieu &amp; Associ\u00e9s","isPartOf":{"@id":"https:\/\/donnadieu-associes.fr\/en\/#website"},"datePublished":"2018-01-04T11:37:11+00:00","dateModified":"2018-01-05T08:34:33+00:00","breadcrumb":{"@id":"https:\/\/donnadieu-associes.fr\/en\/ressources\/long-courrier-3-le-compte-demploi-des-ressources-des-organismes-faisant-appel-public-a-la-generosite\/#breadcrumb"},"inLanguage":"en-US","potentialAction":[{"@type":"ReadAction","target":["https:\/\/donnadieu-associes.fr\/en\/ressources\/long-courrier-3-le-compte-demploi-des-ressources-des-organismes-faisant-appel-public-a-la-generosite\/"]}]},{"@type":"BreadcrumbList","@id":"https:\/\/donnadieu-associes.fr\/en\/ressources\/long-courrier-3-le-compte-demploi-des-ressources-des-organismes-faisant-appel-public-a-la-generosite\/#breadcrumb","itemListElement":[{"@type":"ListItem","position":1,"name":"Accueil","item":"https:\/\/donnadieu-associes.fr\/en\/"},{"@type":"ListItem","position":2,"name":"ressources","item":"https:\/\/donnadieu-associes.fr\/en\/ressources\/"},{"@type":"ListItem","position":3,"name":"Long-Courrier #3 : Le compte d\u2019emploi des ressources des organismes faisant appel public a\u0300 la ge\u0301ne\u0301rosite\u0301"}]},{"@type":"WebSite","@id":"https:\/\/donnadieu-associes.fr\/en\/#website","url":"https:\/\/donnadieu-associes.fr\/en\/","name":"Donnadieu &amp; Associ\u00e9s","description":"L\u2019expertise financi\u00e8re (au service) de la solidarit\u00e9 internationale","potentialAction":[{"@type":"SearchAction","target":{"@type":"EntryPoint","urlTemplate":"https:\/\/donnadieu-associes.fr\/en\/?s={search_term_string}"},"query-input":{"@type":"PropertyValueSpecification","valueRequired":true,"valueName":"search_term_string"}}],"inLanguage":"en-US"}]}},"_links":{"self":[{"href":"https:\/\/donnadieu-associes.fr\/en\/wp-json\/wp\/v2\/pages\/1560","targetHints":{"allow":["GET"]}}],"collection":[{"href":"https:\/\/donnadieu-associes.fr\/en\/wp-json\/wp\/v2\/pages"}],"about":[{"href":"https:\/\/donnadieu-associes.fr\/en\/wp-json\/wp\/v2\/types\/page"}],"author":[{"embeddable":true,"href":"https:\/\/donnadieu-associes.fr\/en\/wp-json\/wp\/v2\/users\/1"}],"replies":[{"embeddable":true,"href":"https:\/\/donnadieu-associes.fr\/en\/wp-json\/wp\/v2\/comments?post=1560"}],"version-history":[{"count":1,"href":"https:\/\/donnadieu-associes.fr\/en\/wp-json\/wp\/v2\/pages\/1560\/revisions"}],"predecessor-version":[{"id":1582,"href":"https:\/\/donnadieu-associes.fr\/en\/wp-json\/wp\/v2\/pages\/1560\/revisions\/1582"}],"up":[{"embeddable":true,"href":"https:\/\/donnadieu-associes.fr\/en\/wp-json\/wp\/v2\/pages\/765"}],"wp:attachment":[{"href":"https:\/\/donnadieu-associes.fr\/en\/wp-json\/wp\/v2\/media?parent=1560"}],"curies":[{"name":"wp","href":"https:\/\/api.w.org\/{rel}","templated":true}]}}