{"id":1559,"date":"2018-01-04T12:36:52","date_gmt":"2018-01-04T11:36:52","guid":{"rendered":"https:\/\/donnadieu-associes.fr\/ressources\/long-courrier-2-ong-francaises-et-audits-bailleurs-publics\/"},"modified":"2018-01-05T09:35:34","modified_gmt":"2018-01-05T08:35:34","slug":"long-courrier-2-ong-francaises-et-audits-bailleurs-publics","status":"publish","type":"page","link":"https:\/\/donnadieu-associes.fr\/en\/ressources\/long-courrier-2-ong-francaises-et-audits-bailleurs-publics\/","title":{"rendered":"Long-Courrier #2 : ONG fran\u00e7aises et audits bailleurs publics"},"content":{"rendered":"<div class=\"image_frame image_item no_link scale-with-grid element_classes no_border mfn-img-box\" ><div class=\"image_wrapper\"><img decoding=\"async\" class=\"scale-with-grid\" src=\"\/wp-content\/uploads\/2017\/07\/picto-document_new.png\" fetchpriority=\"high\" alt=\"Long-Courrier #2 : ONG fran\u00e7aises et audits bailleurs publics\" title=\"\" width=\"35px\" height=\"35px\" style=\"\"\/><\/div><\/div>\n\n<hr class=\"no_line\" style=\"margin: 0 auto 5px auto\"\/>\n\n<div class=\"mfn_heading  align_left\"><h2 class=\"title\" style=\"color:#8F8272;\">Long-Courrier #2 : ONG fran\u00e7aises et audits bailleurs publics<\/h2><\/div>\n\n<hr class=\"no_line\" style=\"margin: 0 auto 10px auto\"\/>\n\n<div class=\"image_frame image_item scale-with-grid element_classes aligncenter no_border mfn-img-box\"  role=\"link\" aria-label=\"Image with links\" tabindex=\"0\"><div class=\"image_wrapper\"><a href=\"\/wp-content\/uploads\/2017\/12\/Long-Courrier-02.pdf\"  target=\"_blank\"  class=\"\"  tabindex=\"-1\" title=\"\"><div class=\"mask\"><\/div><img decoding=\"async\" class=\"scale-with-grid\" src=\"\/wp-content\/uploads\/2017\/12\/long_courrier.png\" fetchpriority=\"high\" alt=\"Long-Courrier #2 : ONG fran\u00e7aises et audits bailleurs publics\" title=\"\" width=\"267\" height=\"200\" style=\"\"\/><\/a><div class=\"image_links\"><a href=\"\/wp-content\/uploads\/2017\/12\/Long-Courrier-02.pdf\" class=\"link \"  target=\"_blank\"  tabindex=\"-1\" title=\"\"><svg viewBox=\"0 0 26 26\"><defs><style>.path{fill:none;stroke:#333;stroke-miterlimit:10;stroke-width:1.5px;}<\/style><\/defs><g><path d=\"M10.17,8.76l2.12-2.12a5,5,0,0,1,7.07,0h0a5,5,0,0,1,0,7.07l-2.12,2.12\" class=\"path\"><\/path><path d=\"M15.83,17.24l-2.12,2.12a5,5,0,0,1-7.07,0h0a5,5,0,0,1,0-7.07l2.12-2.12\" class=\"path\"><\/path><line x1=\"10.17\" y1=\"15.83\" x2=\"15.83\" y2=\"10.17\" class=\"path\"><\/line><\/g><\/svg><\/a><\/div><\/div><\/div>\n\n<p>no-repeat;center top;;<\/p>\n<p>auto<\/p>\n<p><a href=\"https:\/\/donnadieu-associes.fr\/en\/ressources\/\" class=\"mesliens\">\u2190 Retour aux ressources<\/a><br \/>\n<hr class=\"no_line\" style=\"margin: 0 auto 20px auto\"\/>\n\nLes ONG fran\u00e7aises sont pour une grande majorit\u00e9 financ\u00e9es par des bailleurs de fonds publics, fran\u00e7ais ou internationaux. <b>Qui dit fonds publics dit contr\u00f4les : quelles sont les exigences des bailleurs de fonds publics en la mati\u00e8re ? Comment les ONG fran\u00e7aises r\u00e9pondent-elles \u00e0 cette obligation ?<\/b><\/p>\n<p>Cet article pr\u00e9sente dans un premier temps un comparatif des exigences d\u2019une s\u00e9lection de bailleurs de fonds publics en ce qui concerne l\u2019audit et la v\u00e9rification de d\u00e9penses. Dans un second temps, nous pr\u00e9sentons une synth\u00ease d\u2019entretiens r\u00e9alis\u00e9s aupr\u00e8s d\u2019ONG fran\u00e7aises, entretiens lors desquels ont \u00e9t\u00e9 abord\u00e9s la question des contr\u00f4les dont elles font l\u2019objet, des opportunit\u00e9s et difficult\u00e9s que cela g\u00e9n\u00e8re, des contraintes qu\u2019elles s\u2019imposent.<\/p>\n<p>no-repeat;center top;;<\/p>\n<p>auto<\/p>\n","protected":false},"excerpt":{"rendered":"<p>no-repeat;center top;; auto \u2190 Retour aux ressources Les ONG fran\u00e7aises sont pour une grande majorit\u00e9 financ\u00e9es par des bailleurs de fonds publics, fran\u00e7ais ou internationaux. Qui dit fonds publics dit contr\u00f4les : quelles sont les exigences des bailleurs de fonds publics en la mati\u00e8re ? Comment les ONG fran\u00e7aises r\u00e9pondent-elles \u00e0 cette obligation ? Cet article pr\u00e9sente dans un premier temps un comparatif des exigences d\u2019une s\u00e9lection de bailleurs de fonds publics en ce qui concerne l\u2019audit et la v\u00e9rification de d\u00e9penses. Dans un second temps, nous pr\u00e9sentons une synth\u00ease d\u2019entretiens r\u00e9alis\u00e9s aupr\u00e8s d\u2019ONG fran\u00e7aises, entretiens lors desquels ont \u00e9t\u00e9 abord\u00e9s la question des contr\u00f4les dont elles font l\u2019objet, des opportunit\u00e9s et difficult\u00e9s que cela g\u00e9n\u00e8re, des contraintes qu\u2019elles s\u2019imposent. no-repeat;center top;; auto<\/p>\n","protected":false},"author":1,"featured_media":0,"parent":765,"menu_order":0,"comment_status":"closed","ping_status":"closed","template":"","meta":{"footnotes":""},"class_list":["post-1559","page","type-page","status-publish","hentry"],"yoast_head":"<!-- This site is optimized with the Yoast SEO plugin v27.5 - https:\/\/yoast.com\/product\/yoast-seo-wordpress\/ -->\n<title>Long-Courrier #2 : ONG fran\u00e7aises et audits bailleurs publics - Donnadieu &amp; Associ\u00e9s<\/title>\n<meta name=\"robots\" content=\"index, follow, max-snippet:-1, max-image-preview:large, max-video-preview:-1\" \/>\n<link rel=\"canonical\" href=\"https:\/\/donnadieu-associes.fr\/en\/ressources\/long-courrier-2-ong-francaises-et-audits-bailleurs-publics\/\" \/>\n<meta property=\"og:locale\" content=\"en_US\" \/>\n<meta property=\"og:type\" content=\"article\" \/>\n<meta property=\"og:title\" content=\"Long-Courrier #2 : ONG fran\u00e7aises et audits bailleurs publics - Donnadieu &amp; Associ\u00e9s\" \/>\n<meta property=\"og:description\" content=\"no-repeat;center top;; auto \u2190 Retour aux ressources Les ONG fran\u00e7aises sont pour une grande majorit\u00e9 financ\u00e9es par des bailleurs de fonds publics, fran\u00e7ais ou internationaux. Qui dit fonds publics dit contr\u00f4les : quelles sont les exigences des bailleurs de fonds publics en la mati\u00e8re ? Comment les ONG fran\u00e7aises r\u00e9pondent-elles \u00e0 cette obligation ? Cet article pr\u00e9sente dans un premier temps un comparatif des exigences d\u2019une s\u00e9lection de bailleurs de fonds publics en ce qui concerne l\u2019audit et la v\u00e9rification de d\u00e9penses. Dans un second temps, nous pr\u00e9sentons une synth\u00ease d\u2019entretiens r\u00e9alis\u00e9s aupr\u00e8s d\u2019ONG fran\u00e7aises, entretiens lors desquels ont \u00e9t\u00e9 abord\u00e9s la question des contr\u00f4les dont elles font l\u2019objet, des opportunit\u00e9s et difficult\u00e9s que cela g\u00e9n\u00e8re, des contraintes qu\u2019elles s\u2019imposent. no-repeat;center top;; auto\" \/>\n<meta property=\"og:url\" content=\"https:\/\/donnadieu-associes.fr\/en\/ressources\/long-courrier-2-ong-francaises-et-audits-bailleurs-publics\/\" \/>\n<meta property=\"og:site_name\" content=\"Donnadieu &amp; Associ\u00e9s\" \/>\n<meta property=\"article:modified_time\" content=\"2018-01-05T08:35:34+00:00\" \/>\n<meta name=\"twitter:card\" content=\"summary_large_image\" \/>\n<meta name=\"twitter:label1\" content=\"Est. reading time\" \/>\n\t<meta name=\"twitter:data1\" content=\"1 minute\" \/>\n<script type=\"application\/ld+json\" class=\"yoast-schema-graph\">{\"@context\":\"https:\\\/\\\/schema.org\",\"@graph\":[{\"@type\":\"WebPage\",\"@id\":\"https:\\\/\\\/donnadieu-associes.fr\\\/en\\\/ressources\\\/long-courrier-2-ong-francaises-et-audits-bailleurs-publics\\\/\",\"url\":\"https:\\\/\\\/donnadieu-associes.fr\\\/en\\\/ressources\\\/long-courrier-2-ong-francaises-et-audits-bailleurs-publics\\\/\",\"name\":\"Long-Courrier #2 : ONG fran\u00e7aises et audits bailleurs publics - Donnadieu &amp; Associ\u00e9s\",\"isPartOf\":{\"@id\":\"https:\\\/\\\/donnadieu-associes.fr\\\/en\\\/#website\"},\"datePublished\":\"2018-01-04T11:36:52+00:00\",\"dateModified\":\"2018-01-05T08:35:34+00:00\",\"breadcrumb\":{\"@id\":\"https:\\\/\\\/donnadieu-associes.fr\\\/en\\\/ressources\\\/long-courrier-2-ong-francaises-et-audits-bailleurs-publics\\\/#breadcrumb\"},\"inLanguage\":\"en-US\",\"potentialAction\":[{\"@type\":\"ReadAction\",\"target\":[\"https:\\\/\\\/donnadieu-associes.fr\\\/en\\\/ressources\\\/long-courrier-2-ong-francaises-et-audits-bailleurs-publics\\\/\"]}]},{\"@type\":\"BreadcrumbList\",\"@id\":\"https:\\\/\\\/donnadieu-associes.fr\\\/en\\\/ressources\\\/long-courrier-2-ong-francaises-et-audits-bailleurs-publics\\\/#breadcrumb\",\"itemListElement\":[{\"@type\":\"ListItem\",\"position\":1,\"name\":\"Accueil\",\"item\":\"https:\\\/\\\/donnadieu-associes.fr\\\/en\\\/\"},{\"@type\":\"ListItem\",\"position\":2,\"name\":\"ressources\",\"item\":\"https:\\\/\\\/donnadieu-associes.fr\\\/en\\\/ressources\\\/\"},{\"@type\":\"ListItem\",\"position\":3,\"name\":\"Long-Courrier #2 : ONG fran\u00e7aises et audits bailleurs publics\"}]},{\"@type\":\"WebSite\",\"@id\":\"https:\\\/\\\/donnadieu-associes.fr\\\/en\\\/#website\",\"url\":\"https:\\\/\\\/donnadieu-associes.fr\\\/en\\\/\",\"name\":\"Donnadieu &amp; Associ\u00e9s\",\"description\":\"L\u2019expertise financi\u00e8re (au service) de la solidarit\u00e9 internationale\",\"potentialAction\":[{\"@type\":\"SearchAction\",\"target\":{\"@type\":\"EntryPoint\",\"urlTemplate\":\"https:\\\/\\\/donnadieu-associes.fr\\\/en\\\/?s={search_term_string}\"},\"query-input\":{\"@type\":\"PropertyValueSpecification\",\"valueRequired\":true,\"valueName\":\"search_term_string\"}}],\"inLanguage\":\"en-US\"}]}<\/script>\n<!-- \/ Yoast SEO plugin. -->","yoast_head_json":{"title":"Long-Courrier #2 : ONG fran\u00e7aises et audits bailleurs publics - Donnadieu &amp; Associ\u00e9s","robots":{"index":"index","follow":"follow","max-snippet":"max-snippet:-1","max-image-preview":"max-image-preview:large","max-video-preview":"max-video-preview:-1"},"canonical":"https:\/\/donnadieu-associes.fr\/en\/ressources\/long-courrier-2-ong-francaises-et-audits-bailleurs-publics\/","og_locale":"en_US","og_type":"article","og_title":"Long-Courrier #2 : ONG fran\u00e7aises et audits bailleurs publics - Donnadieu &amp; Associ\u00e9s","og_description":"no-repeat;center top;; auto \u2190 Retour aux ressources Les ONG fran\u00e7aises sont pour une grande majorit\u00e9 financ\u00e9es par des bailleurs de fonds publics, fran\u00e7ais ou internationaux. Qui dit fonds publics dit contr\u00f4les : quelles sont les exigences des bailleurs de fonds publics en la mati\u00e8re ? Comment les ONG fran\u00e7aises r\u00e9pondent-elles \u00e0 cette obligation ? Cet article pr\u00e9sente dans un premier temps un comparatif des exigences d\u2019une s\u00e9lection de bailleurs de fonds publics en ce qui concerne l\u2019audit et la v\u00e9rification de d\u00e9penses. Dans un second temps, nous pr\u00e9sentons une synth\u00ease d\u2019entretiens r\u00e9alis\u00e9s aupr\u00e8s d\u2019ONG fran\u00e7aises, entretiens lors desquels ont \u00e9t\u00e9 abord\u00e9s la question des contr\u00f4les dont elles font l\u2019objet, des opportunit\u00e9s et difficult\u00e9s que cela g\u00e9n\u00e8re, des contraintes qu\u2019elles s\u2019imposent. no-repeat;center top;; auto","og_url":"https:\/\/donnadieu-associes.fr\/en\/ressources\/long-courrier-2-ong-francaises-et-audits-bailleurs-publics\/","og_site_name":"Donnadieu &amp; Associ\u00e9s","article_modified_time":"2018-01-05T08:35:34+00:00","twitter_card":"summary_large_image","twitter_misc":{"Est. reading time":"1 minute"},"schema":{"@context":"https:\/\/schema.org","@graph":[{"@type":"WebPage","@id":"https:\/\/donnadieu-associes.fr\/en\/ressources\/long-courrier-2-ong-francaises-et-audits-bailleurs-publics\/","url":"https:\/\/donnadieu-associes.fr\/en\/ressources\/long-courrier-2-ong-francaises-et-audits-bailleurs-publics\/","name":"Long-Courrier #2 : ONG fran\u00e7aises et audits bailleurs publics - Donnadieu &amp; Associ\u00e9s","isPartOf":{"@id":"https:\/\/donnadieu-associes.fr\/en\/#website"},"datePublished":"2018-01-04T11:36:52+00:00","dateModified":"2018-01-05T08:35:34+00:00","breadcrumb":{"@id":"https:\/\/donnadieu-associes.fr\/en\/ressources\/long-courrier-2-ong-francaises-et-audits-bailleurs-publics\/#breadcrumb"},"inLanguage":"en-US","potentialAction":[{"@type":"ReadAction","target":["https:\/\/donnadieu-associes.fr\/en\/ressources\/long-courrier-2-ong-francaises-et-audits-bailleurs-publics\/"]}]},{"@type":"BreadcrumbList","@id":"https:\/\/donnadieu-associes.fr\/en\/ressources\/long-courrier-2-ong-francaises-et-audits-bailleurs-publics\/#breadcrumb","itemListElement":[{"@type":"ListItem","position":1,"name":"Accueil","item":"https:\/\/donnadieu-associes.fr\/en\/"},{"@type":"ListItem","position":2,"name":"ressources","item":"https:\/\/donnadieu-associes.fr\/en\/ressources\/"},{"@type":"ListItem","position":3,"name":"Long-Courrier #2 : ONG fran\u00e7aises et audits bailleurs publics"}]},{"@type":"WebSite","@id":"https:\/\/donnadieu-associes.fr\/en\/#website","url":"https:\/\/donnadieu-associes.fr\/en\/","name":"Donnadieu &amp; Associ\u00e9s","description":"L\u2019expertise financi\u00e8re (au service) de la solidarit\u00e9 internationale","potentialAction":[{"@type":"SearchAction","target":{"@type":"EntryPoint","urlTemplate":"https:\/\/donnadieu-associes.fr\/en\/?s={search_term_string}"},"query-input":{"@type":"PropertyValueSpecification","valueRequired":true,"valueName":"search_term_string"}}],"inLanguage":"en-US"}]}},"_links":{"self":[{"href":"https:\/\/donnadieu-associes.fr\/en\/wp-json\/wp\/v2\/pages\/1559","targetHints":{"allow":["GET"]}}],"collection":[{"href":"https:\/\/donnadieu-associes.fr\/en\/wp-json\/wp\/v2\/pages"}],"about":[{"href":"https:\/\/donnadieu-associes.fr\/en\/wp-json\/wp\/v2\/types\/page"}],"author":[{"embeddable":true,"href":"https:\/\/donnadieu-associes.fr\/en\/wp-json\/wp\/v2\/users\/1"}],"replies":[{"embeddable":true,"href":"https:\/\/donnadieu-associes.fr\/en\/wp-json\/wp\/v2\/comments?post=1559"}],"version-history":[{"count":1,"href":"https:\/\/donnadieu-associes.fr\/en\/wp-json\/wp\/v2\/pages\/1559\/revisions"}],"predecessor-version":[{"id":1581,"href":"https:\/\/donnadieu-associes.fr\/en\/wp-json\/wp\/v2\/pages\/1559\/revisions\/1581"}],"up":[{"embeddable":true,"href":"https:\/\/donnadieu-associes.fr\/en\/wp-json\/wp\/v2\/pages\/765"}],"wp:attachment":[{"href":"https:\/\/donnadieu-associes.fr\/en\/wp-json\/wp\/v2\/media?parent=1559"}],"curies":[{"name":"wp","href":"https:\/\/api.w.org\/{rel}","templated":true}]}}