{"id":1558,"date":"2018-01-04T12:36:35","date_gmt":"2018-01-04T11:36:35","guid":{"rendered":"https:\/\/donnadieu-associes.fr\/ressources\/long-courrier-1-enjeux-environnementaux-et-bailleurs-publics-de-lhumanitaire\/"},"modified":"2018-01-05T09:36:34","modified_gmt":"2018-01-05T08:36:34","slug":"long-courrier-1-enjeux-environnementaux-et-bailleurs-publics-de-lhumanitaire","status":"publish","type":"page","link":"https:\/\/donnadieu-associes.fr\/en\/ressources\/long-courrier-1-enjeux-environnementaux-et-bailleurs-publics-de-lhumanitaire\/","title":{"rendered":"Long-Courrier #1 : Enjeux environnementaux et bailleurs publics de l\u2019humanitaire"},"content":{"rendered":"<div class=\"image_frame image_item no_link scale-with-grid element_classes no_border mfn-img-box\" ><div class=\"image_wrapper\"><img decoding=\"async\" class=\"scale-with-grid\" src=\"\/wp-content\/uploads\/2017\/07\/picto-document_new.png\" fetchpriority=\"high\" alt=\"Long-Courrier #1 : Enjeux environnementaux et bailleurs publics de l\u2019humanitaire\" title=\"\" width=\"35px\" height=\"35px\" style=\"\"\/><\/div><\/div>\n\n<hr class=\"no_line\" style=\"margin: 0 auto 5px auto\"\/>\n\n<div class=\"mfn_heading  align_left\"><h2 class=\"title\" style=\"color:#8F8272;\">Long-Courrier #1 : Enjeux environnementaux et bailleurs publics de l\u2019humanitaire<\/h2><\/div>\n\n<hr class=\"no_line\" style=\"margin: 0 auto 10px auto\"\/>\n\n<div class=\"image_frame image_item scale-with-grid element_classes aligncenter no_border mfn-img-box\"  role=\"link\" aria-label=\"Image with links\" tabindex=\"0\"><div class=\"image_wrapper\"><a href=\"\/wp-content\/uploads\/2017\/12\/Long-Courrier-01.pdf\"  target=\"_blank\"  class=\"\"  tabindex=\"-1\" title=\"\"><div class=\"mask\"><\/div><img decoding=\"async\" class=\"scale-with-grid\" src=\"\/wp-content\/uploads\/2017\/12\/long_courrier.png\" fetchpriority=\"high\" alt=\"Long-Courrier #1 : Enjeux environnementaux et bailleurs publics de l\u2019humanitaire\" title=\"\" width=\"267\" height=\"200\" style=\"\"\/><\/a><div class=\"image_links\"><a href=\"\/wp-content\/uploads\/2017\/12\/Long-Courrier-01.pdf\" class=\"link \"  target=\"_blank\"  tabindex=\"-1\" title=\"\"><svg viewBox=\"0 0 26 26\"><defs><style>.path{fill:none;stroke:#333;stroke-miterlimit:10;stroke-width:1.5px;}<\/style><\/defs><g><path d=\"M10.17,8.76l2.12-2.12a5,5,0,0,1,7.07,0h0a5,5,0,0,1,0,7.07l-2.12,2.12\" class=\"path\"><\/path><path d=\"M15.83,17.24l-2.12,2.12a5,5,0,0,1-7.07,0h0a5,5,0,0,1,0-7.07l2.12-2.12\" class=\"path\"><\/path><line x1=\"10.17\" y1=\"15.83\" x2=\"15.83\" y2=\"10.17\" class=\"path\"><\/line><\/g><\/svg><\/a><\/div><\/div><\/div>\n\n<p>no-repeat;center top;;<\/p>\n<p>auto<\/p>\n<p><a href=\"https:\/\/donnadieu-associes.fr\/en\/ressources\/\" class=\"mesliens\">\u2190 Retour aux ressources<\/a><br \/>\n<hr class=\"no_line\" style=\"margin: 0 auto 20px auto\"\/>\n\nLes crises humanitaires ne sont pas sans effets sur l\u2019environnement : d\u00e9chets toxiques, d\u00e9boisement, contamination des aquif\u00e8res, etc. La pression sur les ressources naturelles et la d\u00e9gradation du milieu peuvent \u00e0 leur tour engendrer de nouvelles crises, les populations affect\u00e9es \u00e9tant tr\u00e8s d\u00e9pendantes de leur environnement. Face a\u0300 ce cercle vicieux, les acteurs de l&#8217;urgence et post-urgence, tout comme les bailleurs de fonds qui les soutiennent, s\u2019emploient de fac\u0327on croissante a\u0300 minimiser leur impact sur l\u2019environnement, dans une d\u00e9marche \u00e9thique et d\u2019am\u00e9lioration de la qualit\u00e9 du service rendu.<\/p>\n<p>Certains bailleurs publics internationaux ont d\u00e9j\u00e0 int\u00e9gr\u00e9 cette dimension dans leur strat\u00e9gie et leurs modalit\u00e9s de financement. Cette int\u00e9gration est tr\u00e8s variable d\u2019un bailleur a\u0300 l\u2019autre et engendre des obligations plus ou moins fortes dans la relation partenariale ONG\/bailleur.<\/p>\n<p><b>Cet article vise \u00e0 informer les ONG humanitaires soucieuses de ne pas nuire \u00e0 l\u2019environnement. Qui sont les bailleurs publics qu\u2019elles peuvent solliciter ? Quels sont leurs pr\u00e9-requis et obligations ?<\/b> Il se fonde sur un socle bibliographique (\u00e9tudes, documentation des bailleurs) et des e\u0301changes avec les professionnels du secteur.<\/p>\n<p>no-repeat;center top;;<\/p>\n<p>auto<\/p>\n","protected":false},"excerpt":{"rendered":"<p>no-repeat;center top;; auto \u2190 Retour aux ressources Les crises humanitaires ne sont pas sans effets sur l\u2019environnement : d\u00e9chets toxiques, d\u00e9boisement, contamination des aquif\u00e8res, etc. La pression sur les ressources naturelles et la d\u00e9gradation du milieu peuvent \u00e0 leur tour engendrer de nouvelles crises, les populations affect\u00e9es \u00e9tant tr\u00e8s d\u00e9pendantes de leur environnement. Face a\u0300 ce cercle vicieux, les acteurs de l&#8217;urgence et post-urgence, tout comme les bailleurs de fonds qui les soutiennent, s\u2019emploient de fac\u0327on croissante a\u0300 minimiser leur impact sur l\u2019environnement, dans une d\u00e9marche \u00e9thique et d\u2019am\u00e9lioration de la qualit\u00e9 du service rendu. Certains bailleurs publics internationaux ont d\u00e9j\u00e0 int\u00e9gr\u00e9 cette dimension dans leur strat\u00e9gie et leurs modalit\u00e9s de financement. Cette int\u00e9gration est tr\u00e8s variable d\u2019un bailleur a\u0300 l\u2019autre et engendre des obligations plus ou moins fortes dans la relation partenariale ONG\/bailleur. Cet article vise \u00e0 informer les ONG humanitaires soucieuses de ne pas nuire \u00e0 l\u2019environnement. Qui<span class=\"excerpt-hellip\"> [\u2026]<\/span><\/p>\n","protected":false},"author":1,"featured_media":0,"parent":765,"menu_order":0,"comment_status":"closed","ping_status":"closed","template":"","meta":{"footnotes":""},"class_list":["post-1558","page","type-page","status-publish","hentry"],"yoast_head":"<!-- This site is optimized with the Yoast SEO plugin v27.5 - https:\/\/yoast.com\/product\/yoast-seo-wordpress\/ -->\n<title>Long-Courrier #1 : Enjeux environnementaux et bailleurs publics de l\u2019humanitaire - Donnadieu &amp; Associ\u00e9s<\/title>\n<meta name=\"robots\" content=\"index, follow, max-snippet:-1, max-image-preview:large, max-video-preview:-1\" \/>\n<link rel=\"canonical\" href=\"https:\/\/donnadieu-associes.fr\/en\/ressources\/long-courrier-1-enjeux-environnementaux-et-bailleurs-publics-de-lhumanitaire\/\" \/>\n<meta property=\"og:locale\" content=\"en_US\" \/>\n<meta property=\"og:type\" content=\"article\" \/>\n<meta property=\"og:title\" content=\"Long-Courrier #1 : Enjeux environnementaux et bailleurs publics de l\u2019humanitaire - Donnadieu &amp; Associ\u00e9s\" \/>\n<meta property=\"og:description\" content=\"no-repeat;center top;; auto \u2190 Retour aux ressources Les crises humanitaires ne sont pas sans effets sur l\u2019environnement : d\u00e9chets toxiques, d\u00e9boisement, contamination des aquif\u00e8res, etc. La pression sur les ressources naturelles et la d\u00e9gradation du milieu peuvent \u00e0 leur tour engendrer de nouvelles crises, les populations affect\u00e9es \u00e9tant tr\u00e8s d\u00e9pendantes de leur environnement. Face a\u0300 ce cercle vicieux, les acteurs de l&#8217;urgence et post-urgence, tout comme les bailleurs de fonds qui les soutiennent, s\u2019emploient de fac\u0327on croissante a\u0300 minimiser leur impact sur l\u2019environnement, dans une d\u00e9marche \u00e9thique et d\u2019am\u00e9lioration de la qualit\u00e9 du service rendu. Certains bailleurs publics internationaux ont d\u00e9j\u00e0 int\u00e9gr\u00e9 cette dimension dans leur strat\u00e9gie et leurs modalit\u00e9s de financement. Cette int\u00e9gration est tr\u00e8s variable d\u2019un bailleur a\u0300 l\u2019autre et engendre des obligations plus ou moins fortes dans la relation partenariale ONG\/bailleur. Cet article vise \u00e0 informer les ONG humanitaires soucieuses de ne pas nuire \u00e0 l\u2019environnement. Qui [\u2026]\" \/>\n<meta property=\"og:url\" content=\"https:\/\/donnadieu-associes.fr\/en\/ressources\/long-courrier-1-enjeux-environnementaux-et-bailleurs-publics-de-lhumanitaire\/\" \/>\n<meta property=\"og:site_name\" content=\"Donnadieu &amp; Associ\u00e9s\" \/>\n<meta property=\"article:modified_time\" content=\"2018-01-05T08:36:34+00:00\" \/>\n<meta name=\"twitter:card\" content=\"summary_large_image\" \/>\n<meta name=\"twitter:label1\" content=\"Est. reading time\" \/>\n\t<meta name=\"twitter:data1\" content=\"1 minute\" \/>\n<script type=\"application\/ld+json\" class=\"yoast-schema-graph\">{\"@context\":\"https:\\\/\\\/schema.org\",\"@graph\":[{\"@type\":\"WebPage\",\"@id\":\"https:\\\/\\\/donnadieu-associes.fr\\\/en\\\/ressources\\\/long-courrier-1-enjeux-environnementaux-et-bailleurs-publics-de-lhumanitaire\\\/\",\"url\":\"https:\\\/\\\/donnadieu-associes.fr\\\/en\\\/ressources\\\/long-courrier-1-enjeux-environnementaux-et-bailleurs-publics-de-lhumanitaire\\\/\",\"name\":\"Long-Courrier #1 : Enjeux environnementaux et bailleurs publics de l\u2019humanitaire - Donnadieu &amp; Associ\u00e9s\",\"isPartOf\":{\"@id\":\"https:\\\/\\\/donnadieu-associes.fr\\\/en\\\/#website\"},\"datePublished\":\"2018-01-04T11:36:35+00:00\",\"dateModified\":\"2018-01-05T08:36:34+00:00\",\"breadcrumb\":{\"@id\":\"https:\\\/\\\/donnadieu-associes.fr\\\/en\\\/ressources\\\/long-courrier-1-enjeux-environnementaux-et-bailleurs-publics-de-lhumanitaire\\\/#breadcrumb\"},\"inLanguage\":\"en-US\",\"potentialAction\":[{\"@type\":\"ReadAction\",\"target\":[\"https:\\\/\\\/donnadieu-associes.fr\\\/en\\\/ressources\\\/long-courrier-1-enjeux-environnementaux-et-bailleurs-publics-de-lhumanitaire\\\/\"]}]},{\"@type\":\"BreadcrumbList\",\"@id\":\"https:\\\/\\\/donnadieu-associes.fr\\\/en\\\/ressources\\\/long-courrier-1-enjeux-environnementaux-et-bailleurs-publics-de-lhumanitaire\\\/#breadcrumb\",\"itemListElement\":[{\"@type\":\"ListItem\",\"position\":1,\"name\":\"Accueil\",\"item\":\"https:\\\/\\\/donnadieu-associes.fr\\\/en\\\/\"},{\"@type\":\"ListItem\",\"position\":2,\"name\":\"ressources\",\"item\":\"https:\\\/\\\/donnadieu-associes.fr\\\/en\\\/ressources\\\/\"},{\"@type\":\"ListItem\",\"position\":3,\"name\":\"Long-Courrier #1 : Enjeux environnementaux et bailleurs publics de l\u2019humanitaire\"}]},{\"@type\":\"WebSite\",\"@id\":\"https:\\\/\\\/donnadieu-associes.fr\\\/en\\\/#website\",\"url\":\"https:\\\/\\\/donnadieu-associes.fr\\\/en\\\/\",\"name\":\"Donnadieu &amp; Associ\u00e9s\",\"description\":\"L\u2019expertise financi\u00e8re (au service) de la solidarit\u00e9 internationale\",\"potentialAction\":[{\"@type\":\"SearchAction\",\"target\":{\"@type\":\"EntryPoint\",\"urlTemplate\":\"https:\\\/\\\/donnadieu-associes.fr\\\/en\\\/?s={search_term_string}\"},\"query-input\":{\"@type\":\"PropertyValueSpecification\",\"valueRequired\":true,\"valueName\":\"search_term_string\"}}],\"inLanguage\":\"en-US\"}]}<\/script>\n<!-- \/ Yoast SEO plugin. -->","yoast_head_json":{"title":"Long-Courrier #1 : Enjeux environnementaux et bailleurs publics de l\u2019humanitaire - Donnadieu &amp; Associ\u00e9s","robots":{"index":"index","follow":"follow","max-snippet":"max-snippet:-1","max-image-preview":"max-image-preview:large","max-video-preview":"max-video-preview:-1"},"canonical":"https:\/\/donnadieu-associes.fr\/en\/ressources\/long-courrier-1-enjeux-environnementaux-et-bailleurs-publics-de-lhumanitaire\/","og_locale":"en_US","og_type":"article","og_title":"Long-Courrier #1 : Enjeux environnementaux et bailleurs publics de l\u2019humanitaire - Donnadieu &amp; Associ\u00e9s","og_description":"no-repeat;center top;; auto \u2190 Retour aux ressources Les crises humanitaires ne sont pas sans effets sur l\u2019environnement : d\u00e9chets toxiques, d\u00e9boisement, contamination des aquif\u00e8res, etc. La pression sur les ressources naturelles et la d\u00e9gradation du milieu peuvent \u00e0 leur tour engendrer de nouvelles crises, les populations affect\u00e9es \u00e9tant tr\u00e8s d\u00e9pendantes de leur environnement. Face a\u0300 ce cercle vicieux, les acteurs de l&#8217;urgence et post-urgence, tout comme les bailleurs de fonds qui les soutiennent, s\u2019emploient de fac\u0327on croissante a\u0300 minimiser leur impact sur l\u2019environnement, dans une d\u00e9marche \u00e9thique et d\u2019am\u00e9lioration de la qualit\u00e9 du service rendu. Certains bailleurs publics internationaux ont d\u00e9j\u00e0 int\u00e9gr\u00e9 cette dimension dans leur strat\u00e9gie et leurs modalit\u00e9s de financement. Cette int\u00e9gration est tr\u00e8s variable d\u2019un bailleur a\u0300 l\u2019autre et engendre des obligations plus ou moins fortes dans la relation partenariale ONG\/bailleur. Cet article vise \u00e0 informer les ONG humanitaires soucieuses de ne pas nuire \u00e0 l\u2019environnement. Qui [\u2026]","og_url":"https:\/\/donnadieu-associes.fr\/en\/ressources\/long-courrier-1-enjeux-environnementaux-et-bailleurs-publics-de-lhumanitaire\/","og_site_name":"Donnadieu &amp; Associ\u00e9s","article_modified_time":"2018-01-05T08:36:34+00:00","twitter_card":"summary_large_image","twitter_misc":{"Est. reading time":"1 minute"},"schema":{"@context":"https:\/\/schema.org","@graph":[{"@type":"WebPage","@id":"https:\/\/donnadieu-associes.fr\/en\/ressources\/long-courrier-1-enjeux-environnementaux-et-bailleurs-publics-de-lhumanitaire\/","url":"https:\/\/donnadieu-associes.fr\/en\/ressources\/long-courrier-1-enjeux-environnementaux-et-bailleurs-publics-de-lhumanitaire\/","name":"Long-Courrier #1 : Enjeux environnementaux et bailleurs publics de l\u2019humanitaire - Donnadieu &amp; Associ\u00e9s","isPartOf":{"@id":"https:\/\/donnadieu-associes.fr\/en\/#website"},"datePublished":"2018-01-04T11:36:35+00:00","dateModified":"2018-01-05T08:36:34+00:00","breadcrumb":{"@id":"https:\/\/donnadieu-associes.fr\/en\/ressources\/long-courrier-1-enjeux-environnementaux-et-bailleurs-publics-de-lhumanitaire\/#breadcrumb"},"inLanguage":"en-US","potentialAction":[{"@type":"ReadAction","target":["https:\/\/donnadieu-associes.fr\/en\/ressources\/long-courrier-1-enjeux-environnementaux-et-bailleurs-publics-de-lhumanitaire\/"]}]},{"@type":"BreadcrumbList","@id":"https:\/\/donnadieu-associes.fr\/en\/ressources\/long-courrier-1-enjeux-environnementaux-et-bailleurs-publics-de-lhumanitaire\/#breadcrumb","itemListElement":[{"@type":"ListItem","position":1,"name":"Accueil","item":"https:\/\/donnadieu-associes.fr\/en\/"},{"@type":"ListItem","position":2,"name":"ressources","item":"https:\/\/donnadieu-associes.fr\/en\/ressources\/"},{"@type":"ListItem","position":3,"name":"Long-Courrier #1 : Enjeux environnementaux et bailleurs publics de l\u2019humanitaire"}]},{"@type":"WebSite","@id":"https:\/\/donnadieu-associes.fr\/en\/#website","url":"https:\/\/donnadieu-associes.fr\/en\/","name":"Donnadieu &amp; Associ\u00e9s","description":"L\u2019expertise financi\u00e8re (au service) de la solidarit\u00e9 internationale","potentialAction":[{"@type":"SearchAction","target":{"@type":"EntryPoint","urlTemplate":"https:\/\/donnadieu-associes.fr\/en\/?s={search_term_string}"},"query-input":{"@type":"PropertyValueSpecification","valueRequired":true,"valueName":"search_term_string"}}],"inLanguage":"en-US"}]}},"_links":{"self":[{"href":"https:\/\/donnadieu-associes.fr\/en\/wp-json\/wp\/v2\/pages\/1558","targetHints":{"allow":["GET"]}}],"collection":[{"href":"https:\/\/donnadieu-associes.fr\/en\/wp-json\/wp\/v2\/pages"}],"about":[{"href":"https:\/\/donnadieu-associes.fr\/en\/wp-json\/wp\/v2\/types\/page"}],"author":[{"embeddable":true,"href":"https:\/\/donnadieu-associes.fr\/en\/wp-json\/wp\/v2\/users\/1"}],"replies":[{"embeddable":true,"href":"https:\/\/donnadieu-associes.fr\/en\/wp-json\/wp\/v2\/comments?post=1558"}],"version-history":[{"count":1,"href":"https:\/\/donnadieu-associes.fr\/en\/wp-json\/wp\/v2\/pages\/1558\/revisions"}],"predecessor-version":[{"id":1580,"href":"https:\/\/donnadieu-associes.fr\/en\/wp-json\/wp\/v2\/pages\/1558\/revisions\/1580"}],"up":[{"embeddable":true,"href":"https:\/\/donnadieu-associes.fr\/en\/wp-json\/wp\/v2\/pages\/765"}],"wp:attachment":[{"href":"https:\/\/donnadieu-associes.fr\/en\/wp-json\/wp\/v2\/media?parent=1558"}],"curies":[{"name":"wp","href":"https:\/\/api.w.org\/{rel}","templated":true}]}}