{"id":1557,"date":"2018-01-04T12:36:02","date_gmt":"2018-01-04T11:36:02","guid":{"rendered":"https:\/\/donnadieu-associes.fr\/ressources\/fiche-pratique-securiser-la-gestion-financiere-et-comptable-dun-micro-projet\/"},"modified":"2018-01-04T19:58:39","modified_gmt":"2018-01-04T18:58:39","slug":"fiche-pratique-securiser-la-gestion-financiere-et-comptable-dun-micro-projet","status":"publish","type":"page","link":"https:\/\/donnadieu-associes.fr\/en\/ressources\/fiche-pratique-securiser-la-gestion-financiere-et-comptable-dun-micro-projet\/","title":{"rendered":"Fiche pratique : s\u00e9curiser la gestion financi\u00e8re et comptable d&#8217;un micro-projet"},"content":{"rendered":"<div class=\"image_frame image_item no_link scale-with-grid element_classes no_border mfn-img-box\" ><div class=\"image_wrapper\"><img decoding=\"async\" class=\"scale-with-grid\" src=\"\/wp-content\/uploads\/2017\/07\/picto-document_new.png\" fetchpriority=\"high\" alt=\"Fiche pratique : s\u00e9curiser la gestion financi\u00e8re et comptable d&#8217;un micro-projet\" title=\"\" width=\"35px\" height=\"35px\" style=\"\"\/><\/div><\/div>\n\n<hr class=\"no_line\" style=\"margin: 0 auto 5px auto\"\/>\n\n<div class=\"mfn_heading  align_left\"><h2 class=\"title\" style=\"color:#8F8272;\">Fiche pratique :<br \/> s\u00e9curiser la gestion financi\u00e8re et<br \/> comptable d&#8217;un micro-projet<\/h2><\/div>\n\n<hr class=\"no_line\" style=\"margin: 0 auto 10px auto\"\/>\n\n<div class=\"image_frame image_item scale-with-grid element_classes aligncenter no_border mfn-img-box\"  role=\"link\" aria-label=\"Image with links\" tabindex=\"0\"><div class=\"image_wrapper\"><a href=\"\/wp-content\/uploads\/2017\/12\/Securiser-la-gestion-financiaire-et-comptable-dun-microprojet.pdf\"  target=\"_blank\"  class=\"\"  tabindex=\"-1\" title=\"\"><div class=\"mask\"><\/div><img decoding=\"async\" class=\"scale-with-grid\" src=\"\/wp-content\/uploads\/2017\/12\/fiche_pratique.jpg\" fetchpriority=\"high\" alt=\"Fiche pratique : s\u00e9curiser la gestion financi\u00e8re et comptable d&#8217;un micro-projet\" title=\"\" width=\"267\" height=\"200\" style=\"\"\/><\/a><div class=\"image_links\"><a href=\"\/wp-content\/uploads\/2017\/12\/Securiser-la-gestion-financiaire-et-comptable-dun-microprojet.pdf\" class=\"link \"  target=\"_blank\"  tabindex=\"-1\" title=\"\"><svg viewBox=\"0 0 26 26\"><defs><style>.path{fill:none;stroke:#333;stroke-miterlimit:10;stroke-width:1.5px;}<\/style><\/defs><g><path d=\"M10.17,8.76l2.12-2.12a5,5,0,0,1,7.07,0h0a5,5,0,0,1,0,7.07l-2.12,2.12\" class=\"path\"><\/path><path d=\"M15.83,17.24l-2.12,2.12a5,5,0,0,1-7.07,0h0a5,5,0,0,1,0-7.07l2.12-2.12\" class=\"path\"><\/path><line x1=\"10.17\" y1=\"15.83\" x2=\"15.83\" y2=\"10.17\" class=\"path\"><\/line><\/g><\/svg><\/a><\/div><\/div><\/div>\n\n<p>no-repeat;center top;;<\/p>\n<p>auto<\/p>\n<p><a href=\"https:\/\/donnadieu-associes.fr\/en\/ressources\/\" class=\"mesliens\">\u2190 Retour aux ressources<\/a><br \/>\n<hr class=\"no_line\" style=\"margin: 0 auto 20px auto\"\/>\n\nLors de la mise en \u0153uvre d\u2019un microprojet de solidarit\u00e9 internationale, une association est redevable envers ses financeurs ainsi qu\u2019envers les b\u00e9n\u00e9ficiaires \u00e0 qui ces fonds sont destin\u00e9s. Une gestion comptable et financi\u00e8re de qualit\u00e9 est essentielle pour justifier d\u2019une bonne utilisation des fonds re\u00e7us. <b>Quelles sont les difficult\u00e9s principales li\u00e9es \u00e0 la gestion comptable et financi\u00e8re ? Quelles solutions pour s\u00e9curiser la gestion de son microprojet ?<\/b><\/p>\n<p>L\u2019Agence des Micro Projets (centre ressource national des petites et moyennes associations fran\u00e7aises de solidarit\u00e9 internationale), appuy\u00e9e par le cabinet Donnadieu &#038; Associ\u00e9s, au regard de son expertise dans le secteur de la solidarit\u00e9 internationale, a r\u00e9uni cinq associations pour capitaliser autour de leurs difficult\u00e9s et des bonnes pratiques. Cette fiche restitue les apprentissages, pour une meilleure efficacit\u00e9 des projets \u00e0 venir.<\/p>\n<p>no-repeat;center top;;<\/p>\n<p>auto<\/p>\n","protected":false},"excerpt":{"rendered":"<p>no-repeat;center top;; auto \u2190 Retour aux ressources Lors de la mise en \u0153uvre d\u2019un microprojet de solidarit\u00e9 internationale, une association est redevable envers ses financeurs ainsi qu\u2019envers les b\u00e9n\u00e9ficiaires \u00e0 qui ces fonds sont destin\u00e9s. Une gestion comptable et financi\u00e8re de qualit\u00e9 est essentielle pour justifier d\u2019une bonne utilisation des fonds re\u00e7us. Quelles sont les difficult\u00e9s principales li\u00e9es \u00e0 la gestion comptable et financi\u00e8re ? Quelles solutions pour s\u00e9curiser la gestion de son microprojet ? L\u2019Agence des Micro Projets (centre ressource national des petites et moyennes associations fran\u00e7aises de solidarit\u00e9 internationale), appuy\u00e9e par le cabinet Donnadieu &#038; Associ\u00e9s, au regard de son expertise dans le secteur de la solidarit\u00e9 internationale, a r\u00e9uni cinq associations pour capitaliser autour de leurs difficult\u00e9s et des bonnes pratiques. Cette fiche restitue les apprentissages, pour une meilleure efficacit\u00e9 des projets \u00e0 venir. no-repeat;center top;; auto<\/p>\n","protected":false},"author":1,"featured_media":0,"parent":765,"menu_order":0,"comment_status":"closed","ping_status":"closed","template":"","meta":{"footnotes":""},"class_list":["post-1557","page","type-page","status-publish","hentry"],"yoast_head":"<!-- This site is optimized with the Yoast SEO plugin v27.5 - https:\/\/yoast.com\/product\/yoast-seo-wordpress\/ -->\n<title>Fiche pratique : s\u00e9curiser la gestion financi\u00e8re et comptable d&#039;un micro-projet - Donnadieu &amp; Associ\u00e9s<\/title>\n<meta name=\"robots\" content=\"index, follow, max-snippet:-1, max-image-preview:large, max-video-preview:-1\" \/>\n<link rel=\"canonical\" href=\"https:\/\/donnadieu-associes.fr\/en\/ressources\/fiche-pratique-securiser-la-gestion-financiere-et-comptable-dun-micro-projet\/\" \/>\n<meta property=\"og:locale\" content=\"en_US\" \/>\n<meta property=\"og:type\" content=\"article\" \/>\n<meta property=\"og:title\" content=\"Fiche pratique : s\u00e9curiser la gestion financi\u00e8re et comptable d&#039;un micro-projet - Donnadieu &amp; Associ\u00e9s\" \/>\n<meta property=\"og:description\" content=\"no-repeat;center top;; auto \u2190 Retour aux ressources Lors de la mise en \u0153uvre d\u2019un microprojet de solidarit\u00e9 internationale, une association est redevable envers ses financeurs ainsi qu\u2019envers les b\u00e9n\u00e9ficiaires \u00e0 qui ces fonds sont destin\u00e9s. Une gestion comptable et financi\u00e8re de qualit\u00e9 est essentielle pour justifier d\u2019une bonne utilisation des fonds re\u00e7us. Quelles sont les difficult\u00e9s principales li\u00e9es \u00e0 la gestion comptable et financi\u00e8re ? Quelles solutions pour s\u00e9curiser la gestion de son microprojet ? L\u2019Agence des Micro Projets (centre ressource national des petites et moyennes associations fran\u00e7aises de solidarit\u00e9 internationale), appuy\u00e9e par le cabinet Donnadieu &#038; Associ\u00e9s, au regard de son expertise dans le secteur de la solidarit\u00e9 internationale, a r\u00e9uni cinq associations pour capitaliser autour de leurs difficult\u00e9s et des bonnes pratiques. Cette fiche restitue les apprentissages, pour une meilleure efficacit\u00e9 des projets \u00e0 venir. no-repeat;center top;; auto\" \/>\n<meta property=\"og:url\" content=\"https:\/\/donnadieu-associes.fr\/en\/ressources\/fiche-pratique-securiser-la-gestion-financiere-et-comptable-dun-micro-projet\/\" \/>\n<meta property=\"og:site_name\" content=\"Donnadieu &amp; Associ\u00e9s\" \/>\n<meta property=\"article:modified_time\" content=\"2018-01-04T18:58:39+00:00\" \/>\n<meta name=\"twitter:card\" content=\"summary_large_image\" \/>\n<meta name=\"twitter:label1\" content=\"Est. reading time\" \/>\n\t<meta name=\"twitter:data1\" content=\"1 minute\" \/>\n<script type=\"application\/ld+json\" class=\"yoast-schema-graph\">{\"@context\":\"https:\\\/\\\/schema.org\",\"@graph\":[{\"@type\":\"WebPage\",\"@id\":\"https:\\\/\\\/donnadieu-associes.fr\\\/en\\\/ressources\\\/fiche-pratique-securiser-la-gestion-financiere-et-comptable-dun-micro-projet\\\/\",\"url\":\"https:\\\/\\\/donnadieu-associes.fr\\\/en\\\/ressources\\\/fiche-pratique-securiser-la-gestion-financiere-et-comptable-dun-micro-projet\\\/\",\"name\":\"Fiche pratique : s\u00e9curiser la gestion financi\u00e8re et comptable d'un micro-projet - Donnadieu &amp; Associ\u00e9s\",\"isPartOf\":{\"@id\":\"https:\\\/\\\/donnadieu-associes.fr\\\/en\\\/#website\"},\"datePublished\":\"2018-01-04T11:36:02+00:00\",\"dateModified\":\"2018-01-04T18:58:39+00:00\",\"breadcrumb\":{\"@id\":\"https:\\\/\\\/donnadieu-associes.fr\\\/en\\\/ressources\\\/fiche-pratique-securiser-la-gestion-financiere-et-comptable-dun-micro-projet\\\/#breadcrumb\"},\"inLanguage\":\"en-US\",\"potentialAction\":[{\"@type\":\"ReadAction\",\"target\":[\"https:\\\/\\\/donnadieu-associes.fr\\\/en\\\/ressources\\\/fiche-pratique-securiser-la-gestion-financiere-et-comptable-dun-micro-projet\\\/\"]}]},{\"@type\":\"BreadcrumbList\",\"@id\":\"https:\\\/\\\/donnadieu-associes.fr\\\/en\\\/ressources\\\/fiche-pratique-securiser-la-gestion-financiere-et-comptable-dun-micro-projet\\\/#breadcrumb\",\"itemListElement\":[{\"@type\":\"ListItem\",\"position\":1,\"name\":\"Accueil\",\"item\":\"https:\\\/\\\/donnadieu-associes.fr\\\/en\\\/\"},{\"@type\":\"ListItem\",\"position\":2,\"name\":\"ressources\",\"item\":\"https:\\\/\\\/donnadieu-associes.fr\\\/en\\\/ressources\\\/\"},{\"@type\":\"ListItem\",\"position\":3,\"name\":\"Fiche pratique : s\u00e9curiser la gestion financi\u00e8re et comptable d&#8217;un micro-projet\"}]},{\"@type\":\"WebSite\",\"@id\":\"https:\\\/\\\/donnadieu-associes.fr\\\/en\\\/#website\",\"url\":\"https:\\\/\\\/donnadieu-associes.fr\\\/en\\\/\",\"name\":\"Donnadieu &amp; Associ\u00e9s\",\"description\":\"L\u2019expertise financi\u00e8re (au service) de la solidarit\u00e9 internationale\",\"potentialAction\":[{\"@type\":\"SearchAction\",\"target\":{\"@type\":\"EntryPoint\",\"urlTemplate\":\"https:\\\/\\\/donnadieu-associes.fr\\\/en\\\/?s={search_term_string}\"},\"query-input\":{\"@type\":\"PropertyValueSpecification\",\"valueRequired\":true,\"valueName\":\"search_term_string\"}}],\"inLanguage\":\"en-US\"}]}<\/script>\n<!-- \/ Yoast SEO plugin. -->","yoast_head_json":{"title":"Fiche pratique : s\u00e9curiser la gestion financi\u00e8re et comptable d'un micro-projet - Donnadieu &amp; Associ\u00e9s","robots":{"index":"index","follow":"follow","max-snippet":"max-snippet:-1","max-image-preview":"max-image-preview:large","max-video-preview":"max-video-preview:-1"},"canonical":"https:\/\/donnadieu-associes.fr\/en\/ressources\/fiche-pratique-securiser-la-gestion-financiere-et-comptable-dun-micro-projet\/","og_locale":"en_US","og_type":"article","og_title":"Fiche pratique : s\u00e9curiser la gestion financi\u00e8re et comptable d'un micro-projet - Donnadieu &amp; Associ\u00e9s","og_description":"no-repeat;center top;; auto \u2190 Retour aux ressources Lors de la mise en \u0153uvre d\u2019un microprojet de solidarit\u00e9 internationale, une association est redevable envers ses financeurs ainsi qu\u2019envers les b\u00e9n\u00e9ficiaires \u00e0 qui ces fonds sont destin\u00e9s. Une gestion comptable et financi\u00e8re de qualit\u00e9 est essentielle pour justifier d\u2019une bonne utilisation des fonds re\u00e7us. Quelles sont les difficult\u00e9s principales li\u00e9es \u00e0 la gestion comptable et financi\u00e8re ? Quelles solutions pour s\u00e9curiser la gestion de son microprojet ? L\u2019Agence des Micro Projets (centre ressource national des petites et moyennes associations fran\u00e7aises de solidarit\u00e9 internationale), appuy\u00e9e par le cabinet Donnadieu &#038; Associ\u00e9s, au regard de son expertise dans le secteur de la solidarit\u00e9 internationale, a r\u00e9uni cinq associations pour capitaliser autour de leurs difficult\u00e9s et des bonnes pratiques. Cette fiche restitue les apprentissages, pour une meilleure efficacit\u00e9 des projets \u00e0 venir. no-repeat;center top;; auto","og_url":"https:\/\/donnadieu-associes.fr\/en\/ressources\/fiche-pratique-securiser-la-gestion-financiere-et-comptable-dun-micro-projet\/","og_site_name":"Donnadieu &amp; Associ\u00e9s","article_modified_time":"2018-01-04T18:58:39+00:00","twitter_card":"summary_large_image","twitter_misc":{"Est. reading time":"1 minute"},"schema":{"@context":"https:\/\/schema.org","@graph":[{"@type":"WebPage","@id":"https:\/\/donnadieu-associes.fr\/en\/ressources\/fiche-pratique-securiser-la-gestion-financiere-et-comptable-dun-micro-projet\/","url":"https:\/\/donnadieu-associes.fr\/en\/ressources\/fiche-pratique-securiser-la-gestion-financiere-et-comptable-dun-micro-projet\/","name":"Fiche pratique : s\u00e9curiser la gestion financi\u00e8re et comptable d'un micro-projet - Donnadieu &amp; Associ\u00e9s","isPartOf":{"@id":"https:\/\/donnadieu-associes.fr\/en\/#website"},"datePublished":"2018-01-04T11:36:02+00:00","dateModified":"2018-01-04T18:58:39+00:00","breadcrumb":{"@id":"https:\/\/donnadieu-associes.fr\/en\/ressources\/fiche-pratique-securiser-la-gestion-financiere-et-comptable-dun-micro-projet\/#breadcrumb"},"inLanguage":"en-US","potentialAction":[{"@type":"ReadAction","target":["https:\/\/donnadieu-associes.fr\/en\/ressources\/fiche-pratique-securiser-la-gestion-financiere-et-comptable-dun-micro-projet\/"]}]},{"@type":"BreadcrumbList","@id":"https:\/\/donnadieu-associes.fr\/en\/ressources\/fiche-pratique-securiser-la-gestion-financiere-et-comptable-dun-micro-projet\/#breadcrumb","itemListElement":[{"@type":"ListItem","position":1,"name":"Accueil","item":"https:\/\/donnadieu-associes.fr\/en\/"},{"@type":"ListItem","position":2,"name":"ressources","item":"https:\/\/donnadieu-associes.fr\/en\/ressources\/"},{"@type":"ListItem","position":3,"name":"Fiche pratique : s\u00e9curiser la gestion financi\u00e8re et comptable d&#8217;un micro-projet"}]},{"@type":"WebSite","@id":"https:\/\/donnadieu-associes.fr\/en\/#website","url":"https:\/\/donnadieu-associes.fr\/en\/","name":"Donnadieu &amp; Associ\u00e9s","description":"L\u2019expertise financi\u00e8re (au service) de la solidarit\u00e9 internationale","potentialAction":[{"@type":"SearchAction","target":{"@type":"EntryPoint","urlTemplate":"https:\/\/donnadieu-associes.fr\/en\/?s={search_term_string}"},"query-input":{"@type":"PropertyValueSpecification","valueRequired":true,"valueName":"search_term_string"}}],"inLanguage":"en-US"}]}},"_links":{"self":[{"href":"https:\/\/donnadieu-associes.fr\/en\/wp-json\/wp\/v2\/pages\/1557","targetHints":{"allow":["GET"]}}],"collection":[{"href":"https:\/\/donnadieu-associes.fr\/en\/wp-json\/wp\/v2\/pages"}],"about":[{"href":"https:\/\/donnadieu-associes.fr\/en\/wp-json\/wp\/v2\/types\/page"}],"author":[{"embeddable":true,"href":"https:\/\/donnadieu-associes.fr\/en\/wp-json\/wp\/v2\/users\/1"}],"replies":[{"embeddable":true,"href":"https:\/\/donnadieu-associes.fr\/en\/wp-json\/wp\/v2\/comments?post=1557"}],"version-history":[{"count":1,"href":"https:\/\/donnadieu-associes.fr\/en\/wp-json\/wp\/v2\/pages\/1557\/revisions"}],"predecessor-version":[{"id":1579,"href":"https:\/\/donnadieu-associes.fr\/en\/wp-json\/wp\/v2\/pages\/1557\/revisions\/1579"}],"up":[{"embeddable":true,"href":"https:\/\/donnadieu-associes.fr\/en\/wp-json\/wp\/v2\/pages\/765"}],"wp:attachment":[{"href":"https:\/\/donnadieu-associes.fr\/en\/wp-json\/wp\/v2\/media?parent=1557"}],"curies":[{"name":"wp","href":"https:\/\/api.w.org\/{rel}","templated":true}]}}